{"id":1028,"date":"2024-01-17T00:54:20","date_gmt":"2024-01-17T00:54:20","guid":{"rendered":"https:\/\/bedterbeds.com\/?page_id=1028"},"modified":"2024-11-29T07:19:55","modified_gmt":"2024-11-29T07:19:55","slug":"cube-ii-pb","status":"publish","type":"page","link":"https:\/\/bedterbeds.com\/en\/boxspringbetten\/cube-ii-pb\/","title":{"rendered":"Cube II PB"},"content":{"rendered":"<div id=\"fws_6a0727edd6363\"  data-column-margin=\"default\" data-midnight=\"dark\" data-top-percent=\"0%\" data-bottom-percent=\"2%\"  class=\"wpb_row vc_row-fluid vc_row full-width-section  bottom_margin_-80px right_padding_4pct left_padding_4pct top_padding_tablet_8pct bottom_padding_tablet_8pct right_padding_phone_15px left_padding_phone_15px\"  style=\"padding-top: calc(100vw * 0.00); padding-bottom: calc(100vw * 0.02); \"><div class=\"row-bg-wrap\" data-bg-animation=\"none\" data-bg-animation-delay=\"\" data-bg-overlay=\"false\"><div class=\"inner-wrap row-bg-layer\" ><div class=\"row-bg viewport-desktop using-bg-color\"  style=\"background-color: #ffffff; \"><\/div><\/div><\/div><div class=\"row_col_wrap_12 col span_12 dark left\">\n\t<div  class=\"vc_col-sm-12 wpb_column column_container vc_column_container col no-extra-padding inherit_tablet inherit_phone\"  data-padding-pos=\"all\" data-has-bg-color=\"false\" data-bg-color=\"\" data-bg-opacity=\"1\" data-animation=\"\" data-delay=\"0\" >\n\t\t<div class=\"vc_column-inner\" >\n\t\t\t<div class=\"wpb_wrapper\">\n\t\t\t\t\n\t<div class=\"wpb_gallery wpb_content_element clearfix\">\n\t\t<div class=\"wpb_wrapper\"><div class=\"wpb_gallery_slidesflickity_static_height_style\" data-onclick=\"link_no\" data-interval=\"5\"><style>.wpb_gallery_slidesflickity_static_height_style .nectar-flickity.instace-6a0727edd68ba:not(.masonry) .flickity-slider .cell img {\n      height: 800px;\n    }\n    @media only screen and (max-width: 1300px) {\n      .wpb_gallery_slidesflickity_static_height_style .nectar-flickity.instace-6a0727edd68ba:not(.masonry) .flickity-slider .cell img {\n        height: 400px;\n      }\n    }\n    @media only screen and (max-width: 1000px) {\n      .wpb_gallery_slidesflickity_static_height_style .nectar-flickity.instace-6a0727edd68ba:not(.masonry) .flickity-slider .cell img {\n        height: 350px;\n      }\n    }\n    @media only screen and (max-width: 690px) {\n      .wpb_gallery_slidesflickity_static_height_style .nectar-flickity.instace-6a0727edd68ba:not(.masonry) .flickity-slider .cell img {\n        height: 300px;\n      }\n    }<\/style><div class=\"nectar-flickity not-initialized instace-6a0727edd68ba\"  data-touch-icon-color=\"default\" data-drag-scale=\"\" data-overflow=\"hidden\" data-wrap=\"wrap\" data-spacing=\"default\" data-shadow=\"none\" data-autoplay=\"\" data-autoplay-dur=\"\" data-free-scroll=\"\" data-controls=\"pagination\"><div class=\"flickity-viewport\"> <div class=\"flickity-slider\"><div class=\"cell\" data-lazy=\"false\"><img loading=\"lazy\" decoding=\"async\" width=\"1024\" height=\"644\" src=\"https:\/\/bedterbeds.com\/wp-content\/uploads\/2024\/11\/Cube-II-PB-1.webp\" class=\"skip-lazy nectar-lazy attachment-large\" alt=\"Cube II PB 1\" title=\"Cube II PB 1\" srcset=\"https:\/\/bedterbeds.com\/wp-content\/uploads\/2024\/11\/Cube-II-PB-1.webp 1024w, https:\/\/bedterbeds.com\/wp-content\/uploads\/2024\/11\/Cube-II-PB-1-300x189.webp 300w, https:\/\/bedterbeds.com\/wp-content\/uploads\/2024\/11\/Cube-II-PB-1-768x483.webp 768w, https:\/\/bedterbeds.com\/wp-content\/uploads\/2024\/11\/Cube-II-PB-1-18x12.webp 18w\" sizes=\"auto, (max-width: 1024px) 100vw, 1024px\" \/><\/div><div class=\"cell\" data-lazy=\"false\"><img loading=\"lazy\" decoding=\"async\" width=\"1024\" height=\"644\" src=\"https:\/\/bedterbeds.com\/wp-content\/uploads\/2024\/11\/Cube-II-PB-2.webp\" class=\"skip-lazy nectar-lazy attachment-large\" alt=\"Cube II PB 2\" title=\"Cube II PB 2\" srcset=\"https:\/\/bedterbeds.com\/wp-content\/uploads\/2024\/11\/Cube-II-PB-2.webp 1024w, https:\/\/bedterbeds.com\/wp-content\/uploads\/2024\/11\/Cube-II-PB-2-300x189.webp 300w, https:\/\/bedterbeds.com\/wp-content\/uploads\/2024\/11\/Cube-II-PB-2-768x483.webp 768w, https:\/\/bedterbeds.com\/wp-content\/uploads\/2024\/11\/Cube-II-PB-2-18x12.webp 18w\" sizes=\"auto, (max-width: 1024px) 100vw, 1024px\" \/><\/div><div class=\"cell\" data-lazy=\"false\"><img loading=\"lazy\" decoding=\"async\" width=\"1024\" height=\"644\" src=\"https:\/\/bedterbeds.com\/wp-content\/uploads\/2024\/11\/Cube-II-PB-3.webp\" class=\"skip-lazy nectar-lazy attachment-large\" alt=\"Cube II PB 3\" title=\"Cube II PB 3\" srcset=\"https:\/\/bedterbeds.com\/wp-content\/uploads\/2024\/11\/Cube-II-PB-3.webp 1024w, https:\/\/bedterbeds.com\/wp-content\/uploads\/2024\/11\/Cube-II-PB-3-300x189.webp 300w, https:\/\/bedterbeds.com\/wp-content\/uploads\/2024\/11\/Cube-II-PB-3-768x483.webp 768w, https:\/\/bedterbeds.com\/wp-content\/uploads\/2024\/11\/Cube-II-PB-3-18x12.webp 18w\" sizes=\"auto, (max-width: 1024px) 100vw, 1024px\" \/><\/div><div class=\"cell\" data-lazy=\"false\"><img loading=\"lazy\" decoding=\"async\" width=\"1024\" height=\"644\" src=\"https:\/\/bedterbeds.com\/wp-content\/uploads\/2024\/11\/Cube-II-PB-4.webp\" class=\"skip-lazy nectar-lazy attachment-large\" alt=\"Cube II PB 4\" title=\"Cube II PB 4\" srcset=\"https:\/\/bedterbeds.com\/wp-content\/uploads\/2024\/11\/Cube-II-PB-4.webp 1024w, https:\/\/bedterbeds.com\/wp-content\/uploads\/2024\/11\/Cube-II-PB-4-300x189.webp 300w, https:\/\/bedterbeds.com\/wp-content\/uploads\/2024\/11\/Cube-II-PB-4-768x483.webp 768w, https:\/\/bedterbeds.com\/wp-content\/uploads\/2024\/11\/Cube-II-PB-4-18x12.webp 18w\" sizes=\"auto, (max-width: 1024px) 100vw, 1024px\" \/><\/div><div class=\"cell\" data-lazy=\"false\"><img loading=\"lazy\" decoding=\"async\" width=\"1024\" height=\"644\" src=\"https:\/\/bedterbeds.com\/wp-content\/uploads\/2024\/11\/Cube-II-PB-5.webp\" class=\"skip-lazy nectar-lazy attachment-large\" alt=\"Cube II PB 5\" title=\"Cube II PB 5\" srcset=\"https:\/\/bedterbeds.com\/wp-content\/uploads\/2024\/11\/Cube-II-PB-5.webp 1024w, https:\/\/bedterbeds.com\/wp-content\/uploads\/2024\/11\/Cube-II-PB-5-300x189.webp 300w, https:\/\/bedterbeds.com\/wp-content\/uploads\/2024\/11\/Cube-II-PB-5-768x483.webp 768w, https:\/\/bedterbeds.com\/wp-content\/uploads\/2024\/11\/Cube-II-PB-5-18x12.webp 18w\" sizes=\"auto, (max-width: 1024px) 100vw, 1024px\" \/><\/div><div class=\"cell\" data-lazy=\"false\"><img loading=\"lazy\" decoding=\"async\" width=\"1024\" height=\"644\" src=\"https:\/\/bedterbeds.com\/wp-content\/uploads\/2024\/11\/Cube-II-PB-6.webp\" class=\"skip-lazy nectar-lazy attachment-large\" alt=\"Cube II PB 6\" title=\"Cube II PB 6\" srcset=\"https:\/\/bedterbeds.com\/wp-content\/uploads\/2024\/11\/Cube-II-PB-6.webp 1024w, https:\/\/bedterbeds.com\/wp-content\/uploads\/2024\/11\/Cube-II-PB-6-300x189.webp 300w, https:\/\/bedterbeds.com\/wp-content\/uploads\/2024\/11\/Cube-II-PB-6-768x483.webp 768w, https:\/\/bedterbeds.com\/wp-content\/uploads\/2024\/11\/Cube-II-PB-6-18x12.webp 18w\" sizes=\"auto, (max-width: 1024px) 100vw, 1024px\" \/><\/div><\/div><\/div><\/div><\/div>\n\t\t<\/div> \n\t<\/div> \n\t\t\t<\/div> \n\t\t<\/div>\n\t<\/div> \n<\/div><\/div>\n\t\t<div id=\"fws_6a0727edd8e55\"  data-column-margin=\"default\" data-midnight=\"dark\" data-top-percent=\"0%\" data-bottom-percent=\"6%\"  class=\"wpb_row vc_row-fluid vc_row full-width-section  bottom_margin_-80px right_padding_4pct left_padding_4pct top_padding_tablet_8pct bottom_padding_tablet_8pct right_padding_phone_15px left_padding_phone_15px\"  style=\"padding-top: calc(100vw * 0.00); padding-bottom: calc(100vw * 0.06); \"><div class=\"row-bg-wrap\" data-bg-animation=\"none\" data-bg-animation-delay=\"\" data-bg-overlay=\"false\"><div class=\"inner-wrap row-bg-layer\" ><div class=\"row-bg viewport-desktop using-bg-color\"  style=\"background-color: #ffffff; \"><\/div><\/div><\/div><div class=\"row_col_wrap_12 col span_12 dark left\">\n\t<div  class=\"vc_col-sm-12 wpb_column column_container vc_column_container col no-extra-padding inherit_tablet inherit_phone\"  data-padding-pos=\"all\" data-has-bg-color=\"false\" data-bg-color=\"\" data-bg-opacity=\"1\" data-animation=\"\" data-delay=\"0\" >\n\t\t<div class=\"vc_column-inner\" >\n\t\t\t<div class=\"wpb_wrapper\">\n\t\t\t\t<div id=\"fws_6a0727edd9091\" data-midnight=\"\" data-column-margin=\"90px\" class=\"wpb_row vc_row-fluid vc_row inner_row vc_row-o-equal-height vc_row-flex vc_row-o-content-middle reverse_columns_column_tablet reverse_columns_column_phone\"  style=\"\"><div class=\"row-bg-wrap\"> <div class=\"row-bg\" ><\/div> <\/div><div class=\"row_col_wrap_12_inner col span_12  left\">\n\t<div style=\"margin-top: 6%; \" class=\"vc_col-sm-12 wpb_column column_container vc_column_container col child_column centered-text padding-4-percent top_margin_tablet_0px top_margin_phone_4pct inherit_tablet no-extra-padding_phone\"   data-padding-pos=\"all\" data-has-bg-color=\"false\" data-bg-color=\"\" data-bg-opacity=\"1\" data-animation=\"\" data-delay=\"0\" >\n\t\t<div class=\"vc_column-inner\" >\n\t\t<div class=\"wpb_wrapper\">\n\t\t\t<div class=\"nectar-split-heading  font_size_35px\" data-align=\"center\" data-m-align=\"inherit\" data-text-effect=\"default\" data-animation-type=\"twist-in\" data-animation-delay=\"0\" data-animation-offset=\"\" data-m-rm-animation=\"\" data-stagger=\"\" data-custom-font-size=\"true\" style=\"font-size: 35px; line-height: 37.8px;\"><h2 style=\"max-width: 550px;\">Cube II PB.<\/h2><\/div><div class=\"nectar-split-heading  font_size_35px\" data-align=\"center\" data-m-align=\"inherit\" data-text-effect=\"default\" data-animation-type=\"twist-in\" data-animation-delay=\"0\" data-animation-offset=\"\" data-m-rm-animation=\"\" data-stagger=\"\" data-custom-font-size=\"true\" style=\"font-size: 35px; line-height: 37.8px;\"><h4 style=\"max-width: 550px;\">Practical and linear<\/h4><\/div>\n<div class=\"wpb_text_column wpb_content_element\" style=\" max-width: 600px; display: inline-block;\">\n\t<div class=\"wpb_wrapper\">\n\t\t<p><span style=\"font-weight: 400;\">Schlicht und doch reizvoll: Das Polsterbett &#8218;Cube II&#8216; ist ein Statement f\u00fcr Geradlinigkeit und Funktionalit\u00e4t. W\u00e4hrend der ger\u00e4umige, bel\u00fcftete Bettkasten f\u00fcr cleveren Stauraum sorgt, verleiht das aufwendig gepolsterte Kopfteil gepaart mit edlen Stoffen deiner Schlafoase einen Schimmer Stil und Attraktivit\u00e4t. <\/span><\/p>\n\t<\/div>\n<\/div>\n\n\n\n<div class=\"nectar-cta  alignment_tablet_default alignment_phone_default display_tablet_inherit display_phone_inherit\" data-color=\"default\" data-using-bg=\"false\" data-style=\"arrow-animation\" data-display=\"block\" data-alignment=\"center\" data-text-color=\"custom\" style=\"margin-top: 30px; \"><p style=\"color: #000000;\"><span class=\"link_wrap\" ><a target=\"_blank\" class=\"link_text\" role=\"button\" href=\"\/wp-content\/uploads\/2024\/02\/Technische-Daten_Cube-II.pdf\"><span class=\"text\">Technical data<\/span><svg class=\"next-arrow\" aria-hidden=\"true\" width=\"20px\" height=\"25px\" viewbox=\"0 0 50 80\" xml:space=\"preserve\">\n  <polyline stroke=\"#ffffff\" stroke-width=\"9\" fill=\"none\" stroke-linecap=\"round\" stroke-linejoin=\"round\" points=\"0, 0 45, 40 0, 80\"\/>\n  <\/svg>  <span class=\"line\"  style=\"background-color: #000000;\"><\/span> <\/a><\/span><\/p><\/div>\n\t\t<\/div> \n\t<\/div>\n\t<\/div> \n<\/div><\/div>\n\t\t\t<\/div> \n\t\t<\/div>\n\t<\/div> \n<\/div><\/div>\n\t\t<div id=\"fws_6a0727edd96c6\"  data-column-margin=\"default\" data-midnight=\"dark\"  class=\"wpb_row vc_row-fluid vc_row  right_padding_0px left_padding_0px top_padding_phone_80px\"  style=\"padding-top: 60px; padding-bottom: 0px; \"><div class=\"row-bg-wrap\" data-bg-animation=\"none\" data-bg-animation-delay=\"\" data-bg-overlay=\"false\"><div class=\"inner-wrap row-bg-layer\" ><div class=\"row-bg viewport-desktop\"  style=\"\"><\/div><\/div><\/div><div class=\"row_col_wrap_12 col span_12 dark left\">\n\t<div  class=\"vc_col-sm-4 wpb_column column_container vc_column_container col padding-4-percent force-desktop-text-align-left inherit_tablet inherit_phone\"  data-padding-pos=\"right\" data-has-bg-color=\"false\" data-bg-color=\"\" data-bg-opacity=\"1\" data-animation=\"\" data-delay=\"0\" >\n\t\t<div class=\"vc_column-inner\" >\n\t\t\t<div class=\"wpb_wrapper\">\n\t\t\t\t\n\t\t\t<\/div> \n\t\t<\/div>\n\t<\/div> \n\n\t<div  class=\"vc_col-sm-4 wpb_column column_container vc_column_container col no-extra-padding inherit_tablet inherit_phone\"  data-padding-pos=\"all\" data-has-bg-color=\"false\" data-bg-color=\"\" data-bg-opacity=\"1\" data-animation=\"\" data-delay=\"0\" >\n\t\t<div class=\"vc_column-inner\" >\n\t\t\t<div class=\"wpb_wrapper\">\n\t\t\t\t\n<div class=\"wpb_text_column wpb_content_element\" >\n\t<div class=\"wpb_wrapper\">\n\t\t<h4>Downloads<\/h4>\n\t<\/div>\n<\/div>\n\n\n\n<div class=\"divider-wrap\" data-alignment=\"default\"><div style=\"height: 15px;\" class=\"divider\"><\/div><\/div>\n<div class=\"wpb_text_column wpb_content_element\" >\n\t<div class=\"wpb_wrapper\">\n\t\t<p><a href=\"\/wp-content\/uploads\/2024\/02\/Technische-Daten_Cube-II.pdf\" target=\"_blank\" rel=\"noopener noreferrer\">Technical data<\/a><\/p>\n\t<\/div>\n<\/div>\n\n\n\n\n\t\t\t<\/div> \n\t\t<\/div>\n\t<\/div> \n\n\t<div  class=\"vc_col-sm-4 wpb_column column_container vc_column_container col no-extra-padding inherit_tablet inherit_phone\"  data-padding-pos=\"all\" data-has-bg-color=\"false\" data-bg-color=\"\" data-bg-opacity=\"1\" data-animation=\"\" data-delay=\"0\" >\n\t\t<div class=\"vc_column-inner\" >\n\t\t\t<div class=\"wpb_wrapper\">\n\t\t\t\t\n<div class=\"wpb_text_column wpb_content_element\" >\n\t<div class=\"wpb_wrapper\">\n\t\t<h4>Materials<\/h4>\n\t<\/div>\n<\/div>\n\n\n\n<div class=\"divider-wrap\" data-alignment=\"default\"><div style=\"height: 15px;\" class=\"divider\"><\/div><\/div>\n<div class=\"wpb_text_column wpb_content_element\" >\n\t<div class=\"wpb_wrapper\">\n\t\t<p><a href=\"\/en\/stoffe\/\">Fabrics<\/a><\/p>\n\t<\/div>\n<\/div>\n\n\n\n\n<div class=\"wpb_text_column wpb_content_element\" >\n\t<div class=\"wpb_wrapper\">\n\t\t<p><a href=\"https:\/\/bedterbeds.com\/wp-content\/uploads\/2024\/05\/Pflegehinweise-allgemein-05-2024_EN.pdf\">Care instructions<\/a><\/p>\n\t<\/div>\n<\/div>\n\n\n\n\n\t\t\t<\/div> \n\t\t<\/div>\n\t<\/div> \n<\/div><\/div>","protected":false},"excerpt":{"rendered":"Cube II PB.Praktisch und linear. Schlicht und doch reizvoll: Das Polsterbett 'Cube II' ist ein Statement f\u00fcr Geradlinigkeit und Funktionalit\u00e4t. W\u00e4hrend der ger\u00e4umige, bel\u00fcftete Bettkasten f\u00fcr cleveren Stauraum sorgt, verleiht...","protected":false},"author":1,"featured_media":0,"parent":401,"menu_order":0,"comment_status":"closed","ping_status":"closed","template":"","meta":{"footnotes":""},"class_list":["post-1028","page","type-page","status-publish"],"yoast_head":"<!-- This site is optimized with the Yoast SEO plugin v27.6 - https:\/\/yoast.com\/product\/yoast-seo-wordpress\/ -->\n<title>Cube II PB - Bedterbeds<\/title>\n<meta name=\"description\" content=\"Cube II PB. Schlicht und doch reizvoll: Das Polsterbett \u2039Cube II\u203a ist ein Statement f\u00fcr Geradlinigkeit und Funktionalit\u00e4t.\" \/>\n<meta name=\"robots\" content=\"index, follow, max-snippet:-1, max-image-preview:large, max-video-preview:-1\" \/>\n<link rel=\"canonical\" href=\"https:\/\/bedterbeds.com\/en\/boxspringbetten\/cube-ii-pb\/\" \/>\n<meta property=\"og:locale\" content=\"en_US\" \/>\n<meta property=\"og:type\" content=\"article\" \/>\n<meta property=\"og:title\" content=\"Cube II PB - Bedterbeds\" \/>\n<meta property=\"og:description\" content=\"Cube II PB. Schlicht und doch reizvoll: Das Polsterbett \u2039Cube II\u203a ist ein Statement f\u00fcr Geradlinigkeit und Funktionalit\u00e4t.\" \/>\n<meta property=\"og:url\" content=\"https:\/\/bedterbeds.com\/en\/boxspringbetten\/cube-ii-pb\/\" \/>\n<meta property=\"og:site_name\" content=\"Bedterbeds\" \/>\n<meta property=\"article:modified_time\" content=\"2024-11-29T07:19:55+00:00\" \/>\n<meta property=\"og:image\" content=\"https:\/\/bedterbeds.com\/wp-content\/uploads\/2024\/11\/bedter-beds-logo.webp\" \/>\n\t<meta property=\"og:image:width\" content=\"1036\" \/>\n\t<meta property=\"og:image:height\" content=\"727\" \/>\n\t<meta property=\"og:image:type\" content=\"image\/webp\" \/>\n<meta name=\"twitter:card\" content=\"summary_large_image\" \/>\n<meta name=\"twitter:label1\" content=\"Est. reading time\" \/>\n\t<meta name=\"twitter:data1\" content=\"3 minutes\" \/>\n<script type=\"application\/ld+json\" class=\"yoast-schema-graph\">{\"@context\":\"https:\\\/\\\/schema.org\",\"@graph\":[{\"@type\":\"WebPage\",\"@id\":\"https:\\\/\\\/bedterbeds.com\\\/boxspringbetten\\\/cube-ii-pb\\\/\",\"url\":\"https:\\\/\\\/bedterbeds.com\\\/boxspringbetten\\\/cube-ii-pb\\\/\",\"name\":\"Cube II PB - Bedterbeds\",\"isPartOf\":{\"@id\":\"https:\\\/\\\/bedterbeds.com\\\/#website\"},\"datePublished\":\"2024-01-17T00:54:20+00:00\",\"dateModified\":\"2024-11-29T07:19:55+00:00\",\"description\":\"Cube II PB. Schlicht und doch reizvoll: Das Polsterbett \u2039Cube II\u203a ist ein Statement f\u00fcr Geradlinigkeit und Funktionalit\u00e4t.\",\"breadcrumb\":{\"@id\":\"https:\\\/\\\/bedterbeds.com\\\/boxspringbetten\\\/cube-ii-pb\\\/#breadcrumb\"},\"inLanguage\":\"en-US\",\"potentialAction\":[{\"@type\":\"ReadAction\",\"target\":[\"https:\\\/\\\/bedterbeds.com\\\/boxspringbetten\\\/cube-ii-pb\\\/\"]}]},{\"@type\":\"BreadcrumbList\",\"@id\":\"https:\\\/\\\/bedterbeds.com\\\/boxspringbetten\\\/cube-ii-pb\\\/#breadcrumb\",\"itemListElement\":[{\"@type\":\"ListItem\",\"position\":1,\"name\":\"Home\",\"item\":\"https:\\\/\\\/bedterbeds.com\\\/\"},{\"@type\":\"ListItem\",\"position\":2,\"name\":\"Boxspringbetten\",\"item\":\"https:\\\/\\\/bedterbeds.com\\\/boxspringbetten\\\/\"},{\"@type\":\"ListItem\",\"position\":3,\"name\":\"Cube II PB\"}]},{\"@type\":\"WebSite\",\"@id\":\"https:\\\/\\\/bedterbeds.com\\\/#website\",\"url\":\"https:\\\/\\\/bedterbeds.com\\\/\",\"name\":\"Bedterbeds\",\"description\":\"Schlaferlebnisse der Extraklasse!\",\"publisher\":{\"@id\":\"https:\\\/\\\/bedterbeds.com\\\/#organization\"},\"potentialAction\":[{\"@type\":\"SearchAction\",\"target\":{\"@type\":\"EntryPoint\",\"urlTemplate\":\"https:\\\/\\\/bedterbeds.com\\\/?s={search_term_string}\"},\"query-input\":{\"@type\":\"PropertyValueSpecification\",\"valueRequired\":true,\"valueName\":\"search_term_string\"}}],\"inLanguage\":\"en-US\"},{\"@type\":\"Organization\",\"@id\":\"https:\\\/\\\/bedterbeds.com\\\/#organization\",\"name\":\"Bedterbeds\",\"url\":\"https:\\\/\\\/bedterbeds.com\\\/\",\"logo\":{\"@type\":\"ImageObject\",\"inLanguage\":\"en-US\",\"@id\":\"https:\\\/\\\/bedterbeds.com\\\/#\\\/schema\\\/logo\\\/image\\\/\",\"url\":\"https:\\\/\\\/bedterbeds.com\\\/wp-content\\\/uploads\\\/2024\\\/11\\\/bedter-beds-logo.webp\",\"contentUrl\":\"https:\\\/\\\/bedterbeds.com\\\/wp-content\\\/uploads\\\/2024\\\/11\\\/bedter-beds-logo.webp\",\"width\":1036,\"height\":727,\"caption\":\"Bedterbeds\"},\"image\":{\"@id\":\"https:\\\/\\\/bedterbeds.com\\\/#\\\/schema\\\/logo\\\/image\\\/\"}}]}<\/script>\n<!-- \/ Yoast SEO plugin. -->","yoast_head_json":{"title":"Cube II PB - Bedterbeds","description":"Cube II PB. Schlicht und doch reizvoll: Das Polsterbett \u2039Cube II\u203a ist ein Statement f\u00fcr Geradlinigkeit und Funktionalit\u00e4t.","robots":{"index":"index","follow":"follow","max-snippet":"max-snippet:-1","max-image-preview":"max-image-preview:large","max-video-preview":"max-video-preview:-1"},"canonical":"https:\/\/bedterbeds.com\/en\/boxspringbetten\/cube-ii-pb\/","og_locale":"en_US","og_type":"article","og_title":"Cube II PB - Bedterbeds","og_description":"Cube II PB. Schlicht und doch reizvoll: Das Polsterbett \u2039Cube II\u203a ist ein Statement f\u00fcr Geradlinigkeit und Funktionalit\u00e4t.","og_url":"https:\/\/bedterbeds.com\/en\/boxspringbetten\/cube-ii-pb\/","og_site_name":"Bedterbeds","article_modified_time":"2024-11-29T07:19:55+00:00","og_image":[{"width":1036,"height":727,"url":"https:\/\/bedterbeds.com\/wp-content\/uploads\/2024\/11\/bedter-beds-logo.webp","type":"image\/webp"}],"twitter_card":"summary_large_image","twitter_misc":{"Est. reading time":"3 minutes"},"schema":{"@context":"https:\/\/schema.org","@graph":[{"@type":"WebPage","@id":"https:\/\/bedterbeds.com\/boxspringbetten\/cube-ii-pb\/","url":"https:\/\/bedterbeds.com\/boxspringbetten\/cube-ii-pb\/","name":"Cube II PB - Bedterbeds","isPartOf":{"@id":"https:\/\/bedterbeds.com\/#website"},"datePublished":"2024-01-17T00:54:20+00:00","dateModified":"2024-11-29T07:19:55+00:00","description":"Cube II PB. Schlicht und doch reizvoll: Das Polsterbett \u2039Cube II\u203a ist ein Statement f\u00fcr Geradlinigkeit und Funktionalit\u00e4t.","breadcrumb":{"@id":"https:\/\/bedterbeds.com\/boxspringbetten\/cube-ii-pb\/#breadcrumb"},"inLanguage":"en-US","potentialAction":[{"@type":"ReadAction","target":["https:\/\/bedterbeds.com\/boxspringbetten\/cube-ii-pb\/"]}]},{"@type":"BreadcrumbList","@id":"https:\/\/bedterbeds.com\/boxspringbetten\/cube-ii-pb\/#breadcrumb","itemListElement":[{"@type":"ListItem","position":1,"name":"Home","item":"https:\/\/bedterbeds.com\/"},{"@type":"ListItem","position":2,"name":"Boxspringbetten","item":"https:\/\/bedterbeds.com\/boxspringbetten\/"},{"@type":"ListItem","position":3,"name":"Cube II PB"}]},{"@type":"WebSite","@id":"https:\/\/bedterbeds.com\/#website","url":"https:\/\/bedterbeds.com\/","name":"Bedterbeds","description":"Schlaferlebnisse der Extraklasse!","publisher":{"@id":"https:\/\/bedterbeds.com\/#organization"},"potentialAction":[{"@type":"SearchAction","target":{"@type":"EntryPoint","urlTemplate":"https:\/\/bedterbeds.com\/?s={search_term_string}"},"query-input":{"@type":"PropertyValueSpecification","valueRequired":true,"valueName":"search_term_string"}}],"inLanguage":"en-US"},{"@type":"Organization","@id":"https:\/\/bedterbeds.com\/#organization","name":"Bedterbeds","url":"https:\/\/bedterbeds.com\/","logo":{"@type":"ImageObject","inLanguage":"en-US","@id":"https:\/\/bedterbeds.com\/#\/schema\/logo\/image\/","url":"https:\/\/bedterbeds.com\/wp-content\/uploads\/2024\/11\/bedter-beds-logo.webp","contentUrl":"https:\/\/bedterbeds.com\/wp-content\/uploads\/2024\/11\/bedter-beds-logo.webp","width":1036,"height":727,"caption":"Bedterbeds"},"image":{"@id":"https:\/\/bedterbeds.com\/#\/schema\/logo\/image\/"}}]}},"_links":{"self":[{"href":"https:\/\/bedterbeds.com\/en\/wp-json\/wp\/v2\/pages\/1028","targetHints":{"allow":["GET"]}}],"collection":[{"href":"https:\/\/bedterbeds.com\/en\/wp-json\/wp\/v2\/pages"}],"about":[{"href":"https:\/\/bedterbeds.com\/en\/wp-json\/wp\/v2\/types\/page"}],"author":[{"embeddable":true,"href":"https:\/\/bedterbeds.com\/en\/wp-json\/wp\/v2\/users\/1"}],"replies":[{"embeddable":true,"href":"https:\/\/bedterbeds.com\/en\/wp-json\/wp\/v2\/comments?post=1028"}],"version-history":[{"count":12,"href":"https:\/\/bedterbeds.com\/en\/wp-json\/wp\/v2\/pages\/1028\/revisions"}],"predecessor-version":[{"id":2067,"href":"https:\/\/bedterbeds.com\/en\/wp-json\/wp\/v2\/pages\/1028\/revisions\/2067"}],"up":[{"embeddable":true,"href":"https:\/\/bedterbeds.com\/en\/wp-json\/wp\/v2\/pages\/401"}],"wp:attachment":[{"href":"https:\/\/bedterbeds.com\/en\/wp-json\/wp\/v2\/media?parent=1028"}],"curies":[{"name":"wp","href":"https:\/\/api.w.org\/{rel}","templated":true}]}}