{"id":1036,"date":"2024-01-17T00:59:59","date_gmt":"2024-01-17T00:59:59","guid":{"rendered":"https:\/\/bedterbeds.com\/?page_id=1036"},"modified":"2024-11-28T07:42:58","modified_gmt":"2024-11-28T07:42:58","slug":"naya-i-pb","status":"publish","type":"page","link":"https:\/\/bedterbeds.com\/en\/boxspringbetten\/naya-i-pb\/","title":{"rendered":"Naya I PB"},"content":{"rendered":"<div id=\"fws_69eb9a733e539\"  data-column-margin=\"default\" data-midnight=\"dark\" data-top-percent=\"0%\" data-bottom-percent=\"2%\"  class=\"wpb_row vc_row-fluid vc_row full-width-section  bottom_margin_-80px right_padding_4pct left_padding_4pct top_padding_tablet_8pct bottom_padding_tablet_8pct right_padding_phone_15px left_padding_phone_15px\"  style=\"padding-top: calc(100vw * 0.00); padding-bottom: calc(100vw * 0.02); \"><div class=\"row-bg-wrap\" data-bg-animation=\"none\" data-bg-animation-delay=\"\" data-bg-overlay=\"false\"><div class=\"inner-wrap row-bg-layer\" ><div class=\"row-bg viewport-desktop using-bg-color\"  style=\"background-color: #ffffff; \"><\/div><\/div><\/div><div class=\"row_col_wrap_12 col span_12 dark left\">\n\t<div  class=\"vc_col-sm-12 wpb_column column_container vc_column_container col no-extra-padding inherit_tablet inherit_phone\"  data-padding-pos=\"all\" data-has-bg-color=\"false\" data-bg-color=\"\" data-bg-opacity=\"1\" data-animation=\"\" data-delay=\"0\" >\n\t\t<div class=\"vc_column-inner\" >\n\t\t\t<div class=\"wpb_wrapper\">\n\t\t\t\t\n\t<div class=\"wpb_gallery wpb_content_element clearfix\">\n\t\t<div class=\"wpb_wrapper\"><div class=\"wpb_gallery_slidesflickity_static_height_style\" data-onclick=\"link_no\" data-interval=\"5\"><style>.wpb_gallery_slidesflickity_static_height_style .nectar-flickity.instace-69eb9a733ea49:not(.masonry) .flickity-slider .cell img {\n      height: 800px;\n    }\n    @media only screen and (max-width: 1300px) {\n      .wpb_gallery_slidesflickity_static_height_style .nectar-flickity.instace-69eb9a733ea49:not(.masonry) .flickity-slider .cell img {\n        height: 400px;\n      }\n    }\n    @media only screen and (max-width: 1000px) {\n      .wpb_gallery_slidesflickity_static_height_style .nectar-flickity.instace-69eb9a733ea49:not(.masonry) .flickity-slider .cell img {\n        height: 350px;\n      }\n    }\n    @media only screen and (max-width: 690px) {\n      .wpb_gallery_slidesflickity_static_height_style .nectar-flickity.instace-69eb9a733ea49:not(.masonry) .flickity-slider .cell img {\n        height: 300px;\n      }\n    }<\/style><div class=\"nectar-flickity not-initialized instace-69eb9a733ea49\"  data-touch-icon-color=\"default\" data-drag-scale=\"\" data-overflow=\"hidden\" data-wrap=\"wrap\" data-spacing=\"default\" data-shadow=\"none\" data-autoplay=\"\" data-autoplay-dur=\"\" data-free-scroll=\"\" data-controls=\"pagination\"><div class=\"flickity-viewport\"> <div class=\"flickity-slider\"><div class=\"cell\" data-lazy=\"false\"><img loading=\"lazy\" decoding=\"async\" width=\"1024\" height=\"644\" src=\"https:\/\/bedterbeds.com\/wp-content\/uploads\/2024\/11\/Naya-I-PB-1.webp\" class=\"skip-lazy nectar-lazy attachment-large\" alt=\"Naya I PB 1\" title=\"Naya I PB 1\" srcset=\"https:\/\/bedterbeds.com\/wp-content\/uploads\/2024\/11\/Naya-I-PB-1.webp 1024w, https:\/\/bedterbeds.com\/wp-content\/uploads\/2024\/11\/Naya-I-PB-1-300x189.webp 300w, https:\/\/bedterbeds.com\/wp-content\/uploads\/2024\/11\/Naya-I-PB-1-768x483.webp 768w, https:\/\/bedterbeds.com\/wp-content\/uploads\/2024\/11\/Naya-I-PB-1-18x12.webp 18w\" sizes=\"auto, (max-width: 1024px) 100vw, 1024px\" \/><\/div><div class=\"cell\" data-lazy=\"false\"><img loading=\"lazy\" decoding=\"async\" width=\"1024\" height=\"644\" src=\"https:\/\/bedterbeds.com\/wp-content\/uploads\/2024\/11\/Naya-I-PB-2.webp\" class=\"skip-lazy nectar-lazy attachment-large\" alt=\"Naya I PB 2\" title=\"Naya I PB 2\" srcset=\"https:\/\/bedterbeds.com\/wp-content\/uploads\/2024\/11\/Naya-I-PB-2.webp 1024w, https:\/\/bedterbeds.com\/wp-content\/uploads\/2024\/11\/Naya-I-PB-2-300x189.webp 300w, https:\/\/bedterbeds.com\/wp-content\/uploads\/2024\/11\/Naya-I-PB-2-768x483.webp 768w, https:\/\/bedterbeds.com\/wp-content\/uploads\/2024\/11\/Naya-I-PB-2-18x12.webp 18w\" sizes=\"auto, (max-width: 1024px) 100vw, 1024px\" \/><\/div><div class=\"cell\" data-lazy=\"false\"><img loading=\"lazy\" decoding=\"async\" width=\"1024\" height=\"644\" src=\"https:\/\/bedterbeds.com\/wp-content\/uploads\/2024\/11\/Naya-I-PB-3.webp\" class=\"skip-lazy nectar-lazy attachment-large\" alt=\"Naya I PB 3\" title=\"Naya I PB 3\" srcset=\"https:\/\/bedterbeds.com\/wp-content\/uploads\/2024\/11\/Naya-I-PB-3.webp 1024w, https:\/\/bedterbeds.com\/wp-content\/uploads\/2024\/11\/Naya-I-PB-3-300x189.webp 300w, https:\/\/bedterbeds.com\/wp-content\/uploads\/2024\/11\/Naya-I-PB-3-768x483.webp 768w, https:\/\/bedterbeds.com\/wp-content\/uploads\/2024\/11\/Naya-I-PB-3-18x12.webp 18w\" sizes=\"auto, (max-width: 1024px) 100vw, 1024px\" \/><\/div><div class=\"cell\" data-lazy=\"false\"><img loading=\"lazy\" decoding=\"async\" width=\"1024\" height=\"644\" src=\"https:\/\/bedterbeds.com\/wp-content\/uploads\/2024\/11\/Naya-I-PB-4.webp\" class=\"skip-lazy nectar-lazy attachment-large\" alt=\"Naya I PB 4\" title=\"Naya I PB 4\" srcset=\"https:\/\/bedterbeds.com\/wp-content\/uploads\/2024\/11\/Naya-I-PB-4.webp 1024w, https:\/\/bedterbeds.com\/wp-content\/uploads\/2024\/11\/Naya-I-PB-4-300x189.webp 300w, https:\/\/bedterbeds.com\/wp-content\/uploads\/2024\/11\/Naya-I-PB-4-768x483.webp 768w, https:\/\/bedterbeds.com\/wp-content\/uploads\/2024\/11\/Naya-I-PB-4-18x12.webp 18w\" sizes=\"auto, (max-width: 1024px) 100vw, 1024px\" \/><\/div><div class=\"cell\" data-lazy=\"false\"><img loading=\"lazy\" decoding=\"async\" width=\"1024\" height=\"644\" src=\"https:\/\/bedterbeds.com\/wp-content\/uploads\/2024\/11\/Naya-I-PB-5.webp\" class=\"skip-lazy nectar-lazy attachment-large\" alt=\"Naya I PB 5\" title=\"Naya I PB 5\" srcset=\"https:\/\/bedterbeds.com\/wp-content\/uploads\/2024\/11\/Naya-I-PB-5.webp 1024w, https:\/\/bedterbeds.com\/wp-content\/uploads\/2024\/11\/Naya-I-PB-5-300x189.webp 300w, https:\/\/bedterbeds.com\/wp-content\/uploads\/2024\/11\/Naya-I-PB-5-768x483.webp 768w, https:\/\/bedterbeds.com\/wp-content\/uploads\/2024\/11\/Naya-I-PB-5-18x12.webp 18w\" sizes=\"auto, (max-width: 1024px) 100vw, 1024px\" \/><\/div><div class=\"cell\" data-lazy=\"false\"><img loading=\"lazy\" decoding=\"async\" width=\"1024\" height=\"644\" src=\"https:\/\/bedterbeds.com\/wp-content\/uploads\/2024\/11\/Naya-I-PB-6.webp\" class=\"skip-lazy nectar-lazy attachment-large\" alt=\"Naya I PB 6\" title=\"Naya I PB 6\" srcset=\"https:\/\/bedterbeds.com\/wp-content\/uploads\/2024\/11\/Naya-I-PB-6.webp 1024w, https:\/\/bedterbeds.com\/wp-content\/uploads\/2024\/11\/Naya-I-PB-6-300x189.webp 300w, https:\/\/bedterbeds.com\/wp-content\/uploads\/2024\/11\/Naya-I-PB-6-768x483.webp 768w, https:\/\/bedterbeds.com\/wp-content\/uploads\/2024\/11\/Naya-I-PB-6-18x12.webp 18w\" sizes=\"auto, (max-width: 1024px) 100vw, 1024px\" \/><\/div><\/div><\/div><\/div><\/div>\n\t\t<\/div> \n\t<\/div> \n\t\t\t<\/div> \n\t\t<\/div>\n\t<\/div> \n<\/div><\/div>\n\t\t<div id=\"fws_69eb9a7342656\"  data-column-margin=\"default\" data-midnight=\"dark\" data-top-percent=\"0%\" data-bottom-percent=\"6%\"  class=\"wpb_row vc_row-fluid vc_row full-width-section  bottom_margin_-80px right_padding_4pct left_padding_4pct top_padding_tablet_8pct bottom_padding_tablet_8pct right_padding_phone_15px left_padding_phone_15px\"  style=\"padding-top: calc(100vw * 0.00); padding-bottom: calc(100vw * 0.06); \"><div class=\"row-bg-wrap\" data-bg-animation=\"none\" data-bg-animation-delay=\"\" data-bg-overlay=\"false\"><div class=\"inner-wrap row-bg-layer\" ><div class=\"row-bg viewport-desktop using-bg-color\"  style=\"background-color: #ffffff; \"><\/div><\/div><\/div><div class=\"row_col_wrap_12 col span_12 dark left\">\n\t<div  class=\"vc_col-sm-12 wpb_column column_container vc_column_container col no-extra-padding inherit_tablet inherit_phone\"  data-padding-pos=\"all\" data-has-bg-color=\"false\" data-bg-color=\"\" data-bg-opacity=\"1\" data-animation=\"\" data-delay=\"0\" >\n\t\t<div class=\"vc_column-inner\" >\n\t\t\t<div class=\"wpb_wrapper\">\n\t\t\t\t<div id=\"fws_69eb9a73428fc\" data-midnight=\"\" data-column-margin=\"90px\" class=\"wpb_row vc_row-fluid vc_row inner_row vc_row-o-equal-height vc_row-flex vc_row-o-content-middle reverse_columns_column_tablet reverse_columns_column_phone\"  style=\"\"><div class=\"row-bg-wrap\"> <div class=\"row-bg\" ><\/div> <\/div><div class=\"row_col_wrap_12_inner col span_12  left\">\n\t<div style=\"margin-top: 6%; \" class=\"vc_col-sm-12 wpb_column column_container vc_column_container col child_column centered-text padding-4-percent top_margin_tablet_0px top_margin_phone_4pct inherit_tablet no-extra-padding_phone\"   data-padding-pos=\"all\" data-has-bg-color=\"false\" data-bg-color=\"\" data-bg-opacity=\"1\" data-animation=\"\" data-delay=\"0\" >\n\t\t<div class=\"vc_column-inner\" >\n\t\t<div class=\"wpb_wrapper\">\n\t\t\t<div class=\"nectar-split-heading  font_size_35px\" data-align=\"center\" data-m-align=\"inherit\" data-text-effect=\"default\" data-animation-type=\"twist-in\" data-animation-delay=\"0\" data-animation-offset=\"\" data-m-rm-animation=\"\" data-stagger=\"\" data-custom-font-size=\"true\" style=\"font-size: 35px; line-height: 37.8px;\"><h2 style=\"max-width: 550px;\">Naya I PB.<\/h2><\/div><div class=\"nectar-split-heading  font_size_35px\" data-align=\"center\" data-m-align=\"inherit\" data-text-effect=\"default\" data-animation-type=\"twist-in\" data-animation-delay=\"0\" data-animation-offset=\"\" data-m-rm-animation=\"\" data-stagger=\"\" data-custom-font-size=\"true\" style=\"font-size: 35px; line-height: 37.8px;\"><h4 style=\"max-width: 550px;\">Chic and attractive<\/h4><\/div>\n<div class=\"wpb_text_column wpb_content_element\" style=\" max-width: 600px; display: inline-block;\">\n\t<div class=\"wpb_wrapper\">\n\t\t<p><span style=\"font-weight: 400;\">The 'Naya I' upholstered bed seduces with maximum comfort and excellent style. With its lavishly upholstered headboard and spacious, ventilated bed box, it not only offers a fantastic look, but also practical functionality. <\/span><\/p>\n\t<\/div>\n<\/div>\n\n\n\n<div class=\"nectar-cta  alignment_tablet_default alignment_phone_default display_tablet_inherit display_phone_inherit\" data-color=\"default\" data-using-bg=\"false\" data-style=\"arrow-animation\" data-display=\"block\" data-alignment=\"center\" data-text-color=\"custom\" style=\"margin-top: 30px; \"><p style=\"color: #000000;\"><span class=\"link_wrap\" ><a target=\"_blank\" class=\"link_text\" role=\"button\" href=\"\/wp-content\/uploads\/2024\/02\/Technische-Daten_Naya-I.pdf\"><span class=\"text\">Technical data<\/span><svg class=\"next-arrow\" aria-hidden=\"true\" width=\"20px\" height=\"25px\" viewbox=\"0 0 50 80\" xml:space=\"preserve\">\n  <polyline stroke=\"#ffffff\" stroke-width=\"9\" fill=\"none\" stroke-linecap=\"round\" stroke-linejoin=\"round\" points=\"0, 0 45, 40 0, 80\"\/>\n  <\/svg>  <span class=\"line\"  style=\"background-color: #000000;\"><\/span> <\/a><\/span><\/p><\/div>\n\t\t<\/div> \n\t<\/div>\n\t<\/div> \n<\/div><\/div>\n\t\t\t<\/div> \n\t\t<\/div>\n\t<\/div> \n<\/div><\/div>\n\t\t<div id=\"fws_69eb9a7342f8d\"  data-column-margin=\"default\" data-midnight=\"dark\"  class=\"wpb_row vc_row-fluid vc_row  right_padding_0px left_padding_0px top_padding_phone_80px\"  style=\"padding-top: 60px; padding-bottom: 0px; \"><div class=\"row-bg-wrap\" data-bg-animation=\"none\" data-bg-animation-delay=\"\" data-bg-overlay=\"false\"><div class=\"inner-wrap row-bg-layer\" ><div class=\"row-bg viewport-desktop\"  style=\"\"><\/div><\/div><\/div><div class=\"row_col_wrap_12 col span_12 dark left\">\n\t<div  class=\"vc_col-sm-4 wpb_column column_container vc_column_container col padding-4-percent force-desktop-text-align-left inherit_tablet inherit_phone\"  data-padding-pos=\"right\" data-has-bg-color=\"false\" data-bg-color=\"\" data-bg-opacity=\"1\" data-animation=\"\" data-delay=\"0\" >\n\t\t<div class=\"vc_column-inner\" >\n\t\t\t<div class=\"wpb_wrapper\">\n\t\t\t\t\n\t\t\t<\/div> \n\t\t<\/div>\n\t<\/div> \n\n\t<div  class=\"vc_col-sm-4 wpb_column column_container vc_column_container col no-extra-padding inherit_tablet inherit_phone\"  data-padding-pos=\"all\" data-has-bg-color=\"false\" data-bg-color=\"\" data-bg-opacity=\"1\" data-animation=\"\" data-delay=\"0\" >\n\t\t<div class=\"vc_column-inner\" >\n\t\t\t<div class=\"wpb_wrapper\">\n\t\t\t\t\n<div class=\"wpb_text_column wpb_content_element\" >\n\t<div class=\"wpb_wrapper\">\n\t\t<h4>Downloads<\/h4>\n\t<\/div>\n<\/div>\n\n\n\n<div class=\"divider-wrap\" data-alignment=\"default\"><div style=\"height: 15px;\" class=\"divider\"><\/div><\/div>\n<div class=\"wpb_text_column wpb_content_element\" >\n\t<div class=\"wpb_wrapper\">\n\t\t<p><a href=\"\/wp-content\/uploads\/2024\/02\/Technische-Daten_Naya-I.pdf\" target=\"_blank\" rel=\"noopener noreferrer\">Technical data<\/a><\/p>\n\t<\/div>\n<\/div>\n\n\n\n\n\t\t\t<\/div> \n\t\t<\/div>\n\t<\/div> \n\n\t<div  class=\"vc_col-sm-4 wpb_column column_container vc_column_container col no-extra-padding inherit_tablet inherit_phone\"  data-padding-pos=\"all\" data-has-bg-color=\"false\" data-bg-color=\"\" data-bg-opacity=\"1\" data-animation=\"\" data-delay=\"0\" >\n\t\t<div class=\"vc_column-inner\" >\n\t\t\t<div class=\"wpb_wrapper\">\n\t\t\t\t\n<div class=\"wpb_text_column wpb_content_element\" >\n\t<div class=\"wpb_wrapper\">\n\t\t<h4>Materials<\/h4>\n\t<\/div>\n<\/div>\n\n\n\n<div class=\"divider-wrap\" data-alignment=\"default\"><div style=\"height: 15px;\" class=\"divider\"><\/div><\/div>\n<div class=\"wpb_text_column wpb_content_element\" >\n\t<div class=\"wpb_wrapper\">\n\t\t<p><a href=\"\/en\/stoffe\/\">Fabrics<\/a><\/p>\n\t<\/div>\n<\/div>\n\n\n\n\n<div class=\"wpb_text_column wpb_content_element\" >\n\t<div class=\"wpb_wrapper\">\n\t\t<p><a href=\"https:\/\/bedterbeds.com\/wp-content\/uploads\/2024\/05\/Pflegehinweise-allgemein-05-2024_EN.pdf\">Care instructions<\/a><\/p>\n\t<\/div>\n<\/div>\n\n\n\n\n\t\t\t<\/div> \n\t\t<\/div>\n\t<\/div> \n<\/div><\/div>","protected":false},"excerpt":{"rendered":"Naya I PB.Chic und anziehend. Polsterbett 'Naya I' verf\u00fchrt mit maximalem Komfort und vortrefflichem Stil. Mit seinem aufwendig gepolsterten Kopfteil und dem ger\u00e4umigen, bel\u00fcfteten Bettkasten bietet es nicht nur eine...","protected":false},"author":1,"featured_media":0,"parent":401,"menu_order":0,"comment_status":"closed","ping_status":"closed","template":"","meta":{"footnotes":""},"class_list":["post-1036","page","type-page","status-publish"],"yoast_head":"<!-- This site is optimized with the Yoast SEO plugin v27.4 - https:\/\/yoast.com\/product\/yoast-seo-wordpress\/ -->\n<title>Naya I PB - Bedterbeds<\/title>\n<meta name=\"robots\" content=\"index, follow, max-snippet:-1, max-image-preview:large, max-video-preview:-1\" \/>\n<link rel=\"canonical\" href=\"https:\/\/bedterbeds.com\/en\/boxspringbetten\/naya-i-pb\/\" \/>\n<meta property=\"og:locale\" content=\"en_US\" \/>\n<meta property=\"og:type\" content=\"article\" \/>\n<meta property=\"og:title\" content=\"Naya I PB - Bedterbeds\" \/>\n<meta property=\"og:url\" content=\"https:\/\/bedterbeds.com\/en\/boxspringbetten\/naya-i-pb\/\" \/>\n<meta property=\"og:site_name\" content=\"Bedterbeds\" \/>\n<meta property=\"article:modified_time\" content=\"2024-11-28T07:42:58+00:00\" \/>\n<meta property=\"og:image\" content=\"https:\/\/bedterbeds.com\/wp-content\/uploads\/2024\/11\/bedter-beds-logo.webp\" \/>\n\t<meta property=\"og:image:width\" content=\"1036\" \/>\n\t<meta property=\"og:image:height\" content=\"727\" \/>\n\t<meta property=\"og:image:type\" content=\"image\/webp\" \/>\n<meta name=\"twitter:card\" content=\"summary_large_image\" \/>\n<meta name=\"twitter:label1\" content=\"Est. reading time\" \/>\n\t<meta name=\"twitter:data1\" content=\"7 minutes\" \/>\n<script type=\"application\/ld+json\" class=\"yoast-schema-graph\">{\"@context\":\"https:\\\/\\\/schema.org\",\"@graph\":[{\"@type\":\"WebPage\",\"@id\":\"https:\\\/\\\/bedterbeds.com\\\/boxspringbetten\\\/naya-i-pb\\\/\",\"url\":\"https:\\\/\\\/bedterbeds.com\\\/boxspringbetten\\\/naya-i-pb\\\/\",\"name\":\"Naya I PB - Bedterbeds\",\"isPartOf\":{\"@id\":\"https:\\\/\\\/bedterbeds.com\\\/#website\"},\"datePublished\":\"2024-01-17T00:59:59+00:00\",\"dateModified\":\"2024-11-28T07:42:58+00:00\",\"breadcrumb\":{\"@id\":\"https:\\\/\\\/bedterbeds.com\\\/boxspringbetten\\\/naya-i-pb\\\/#breadcrumb\"},\"inLanguage\":\"en-US\",\"potentialAction\":[{\"@type\":\"ReadAction\",\"target\":[\"https:\\\/\\\/bedterbeds.com\\\/boxspringbetten\\\/naya-i-pb\\\/\"]}]},{\"@type\":\"BreadcrumbList\",\"@id\":\"https:\\\/\\\/bedterbeds.com\\\/boxspringbetten\\\/naya-i-pb\\\/#breadcrumb\",\"itemListElement\":[{\"@type\":\"ListItem\",\"position\":1,\"name\":\"Home\",\"item\":\"https:\\\/\\\/bedterbeds.com\\\/\"},{\"@type\":\"ListItem\",\"position\":2,\"name\":\"Boxspringbetten\",\"item\":\"https:\\\/\\\/bedterbeds.com\\\/boxspringbetten\\\/\"},{\"@type\":\"ListItem\",\"position\":3,\"name\":\"Naya I PB\"}]},{\"@type\":\"WebSite\",\"@id\":\"https:\\\/\\\/bedterbeds.com\\\/#website\",\"url\":\"https:\\\/\\\/bedterbeds.com\\\/\",\"name\":\"Bedterbeds\",\"description\":\"Schlaferlebnisse der Extraklasse!\",\"publisher\":{\"@id\":\"https:\\\/\\\/bedterbeds.com\\\/#organization\"},\"potentialAction\":[{\"@type\":\"SearchAction\",\"target\":{\"@type\":\"EntryPoint\",\"urlTemplate\":\"https:\\\/\\\/bedterbeds.com\\\/?s={search_term_string}\"},\"query-input\":{\"@type\":\"PropertyValueSpecification\",\"valueRequired\":true,\"valueName\":\"search_term_string\"}}],\"inLanguage\":\"en-US\"},{\"@type\":\"Organization\",\"@id\":\"https:\\\/\\\/bedterbeds.com\\\/#organization\",\"name\":\"Bedterbeds\",\"url\":\"https:\\\/\\\/bedterbeds.com\\\/\",\"logo\":{\"@type\":\"ImageObject\",\"inLanguage\":\"en-US\",\"@id\":\"https:\\\/\\\/bedterbeds.com\\\/#\\\/schema\\\/logo\\\/image\\\/\",\"url\":\"https:\\\/\\\/bedterbeds.com\\\/wp-content\\\/uploads\\\/2024\\\/11\\\/bedter-beds-logo.webp\",\"contentUrl\":\"https:\\\/\\\/bedterbeds.com\\\/wp-content\\\/uploads\\\/2024\\\/11\\\/bedter-beds-logo.webp\",\"width\":1036,\"height\":727,\"caption\":\"Bedterbeds\"},\"image\":{\"@id\":\"https:\\\/\\\/bedterbeds.com\\\/#\\\/schema\\\/logo\\\/image\\\/\"}}]}<\/script>\n<!-- \/ Yoast SEO plugin. -->","yoast_head_json":{"title":"Naya I PB - Bedterbeds","robots":{"index":"index","follow":"follow","max-snippet":"max-snippet:-1","max-image-preview":"max-image-preview:large","max-video-preview":"max-video-preview:-1"},"canonical":"https:\/\/bedterbeds.com\/en\/boxspringbetten\/naya-i-pb\/","og_locale":"en_US","og_type":"article","og_title":"Naya I PB - Bedterbeds","og_url":"https:\/\/bedterbeds.com\/en\/boxspringbetten\/naya-i-pb\/","og_site_name":"Bedterbeds","article_modified_time":"2024-11-28T07:42:58+00:00","og_image":[{"width":1036,"height":727,"url":"https:\/\/bedterbeds.com\/wp-content\/uploads\/2024\/11\/bedter-beds-logo.webp","type":"image\/webp"}],"twitter_card":"summary_large_image","twitter_misc":{"Est. reading time":"7 minutes"},"schema":{"@context":"https:\/\/schema.org","@graph":[{"@type":"WebPage","@id":"https:\/\/bedterbeds.com\/boxspringbetten\/naya-i-pb\/","url":"https:\/\/bedterbeds.com\/boxspringbetten\/naya-i-pb\/","name":"Naya I PB - Bedterbeds","isPartOf":{"@id":"https:\/\/bedterbeds.com\/#website"},"datePublished":"2024-01-17T00:59:59+00:00","dateModified":"2024-11-28T07:42:58+00:00","breadcrumb":{"@id":"https:\/\/bedterbeds.com\/boxspringbetten\/naya-i-pb\/#breadcrumb"},"inLanguage":"en-US","potentialAction":[{"@type":"ReadAction","target":["https:\/\/bedterbeds.com\/boxspringbetten\/naya-i-pb\/"]}]},{"@type":"BreadcrumbList","@id":"https:\/\/bedterbeds.com\/boxspringbetten\/naya-i-pb\/#breadcrumb","itemListElement":[{"@type":"ListItem","position":1,"name":"Home","item":"https:\/\/bedterbeds.com\/"},{"@type":"ListItem","position":2,"name":"Boxspringbetten","item":"https:\/\/bedterbeds.com\/boxspringbetten\/"},{"@type":"ListItem","position":3,"name":"Naya I PB"}]},{"@type":"WebSite","@id":"https:\/\/bedterbeds.com\/#website","url":"https:\/\/bedterbeds.com\/","name":"Bedterbeds","description":"Schlaferlebnisse der Extraklasse!","publisher":{"@id":"https:\/\/bedterbeds.com\/#organization"},"potentialAction":[{"@type":"SearchAction","target":{"@type":"EntryPoint","urlTemplate":"https:\/\/bedterbeds.com\/?s={search_term_string}"},"query-input":{"@type":"PropertyValueSpecification","valueRequired":true,"valueName":"search_term_string"}}],"inLanguage":"en-US"},{"@type":"Organization","@id":"https:\/\/bedterbeds.com\/#organization","name":"Bedterbeds","url":"https:\/\/bedterbeds.com\/","logo":{"@type":"ImageObject","inLanguage":"en-US","@id":"https:\/\/bedterbeds.com\/#\/schema\/logo\/image\/","url":"https:\/\/bedterbeds.com\/wp-content\/uploads\/2024\/11\/bedter-beds-logo.webp","contentUrl":"https:\/\/bedterbeds.com\/wp-content\/uploads\/2024\/11\/bedter-beds-logo.webp","width":1036,"height":727,"caption":"Bedterbeds"},"image":{"@id":"https:\/\/bedterbeds.com\/#\/schema\/logo\/image\/"}}]}},"_links":{"self":[{"href":"https:\/\/bedterbeds.com\/en\/wp-json\/wp\/v2\/pages\/1036","targetHints":{"allow":["GET"]}}],"collection":[{"href":"https:\/\/bedterbeds.com\/en\/wp-json\/wp\/v2\/pages"}],"about":[{"href":"https:\/\/bedterbeds.com\/en\/wp-json\/wp\/v2\/types\/page"}],"author":[{"embeddable":true,"href":"https:\/\/bedterbeds.com\/en\/wp-json\/wp\/v2\/users\/1"}],"replies":[{"embeddable":true,"href":"https:\/\/bedterbeds.com\/en\/wp-json\/wp\/v2\/comments?post=1036"}],"version-history":[{"count":11,"href":"https:\/\/bedterbeds.com\/en\/wp-json\/wp\/v2\/pages\/1036\/revisions"}],"predecessor-version":[{"id":2095,"href":"https:\/\/bedterbeds.com\/en\/wp-json\/wp\/v2\/pages\/1036\/revisions\/2095"}],"up":[{"embeddable":true,"href":"https:\/\/bedterbeds.com\/en\/wp-json\/wp\/v2\/pages\/401"}],"wp:attachment":[{"href":"https:\/\/bedterbeds.com\/en\/wp-json\/wp\/v2\/media?parent=1036"}],"curies":[{"name":"wp","href":"https:\/\/api.w.org\/{rel}","templated":true}]}}