{"id":1530,"date":"2024-05-15T09:29:18","date_gmt":"2024-05-15T09:29:18","guid":{"rendered":"https:\/\/bedterbeds.com\/?page_id=1530"},"modified":"2024-11-29T09:17:36","modified_gmt":"2024-11-29T09:17:36","slug":"emily-i-bettbank","status":"publish","type":"page","link":"https:\/\/bedterbeds.com\/en\/zubehor\/emily-i-bettbank\/","title":{"rendered":"Emily I Bettbank"},"content":{"rendered":"<div id=\"fws_69ebb06721143\"  data-column-margin=\"default\" data-midnight=\"dark\" data-top-percent=\"0%\" data-bottom-percent=\"6%\"  class=\"wpb_row vc_row-fluid vc_row full-width-section  bottom_margin_-80px right_padding_4pct left_padding_4pct top_padding_tablet_8pct bottom_padding_tablet_8pct right_padding_phone_15px left_padding_phone_15px\"  style=\"padding-top: calc(100vw * 0.00); padding-bottom: calc(100vw * 0.06); \"><div class=\"row-bg-wrap\" data-bg-animation=\"none\" data-bg-animation-delay=\"\" data-bg-overlay=\"false\"><div class=\"inner-wrap row-bg-layer\" ><div class=\"row-bg viewport-desktop using-bg-color\"  style=\"background-color: #ffffff; \"><\/div><\/div><\/div><div class=\"row_col_wrap_12 col span_12 dark left\">\n\t<div  class=\"vc_col-sm-12 wpb_column column_container vc_column_container col no-extra-padding inherit_tablet inherit_phone\"  data-padding-pos=\"all\" data-has-bg-color=\"false\" data-bg-color=\"\" data-bg-opacity=\"1\" data-animation=\"\" data-delay=\"0\" >\n\t\t<div class=\"vc_column-inner\" >\n\t\t\t<div class=\"wpb_wrapper\">\n\t\t\t\t\n\t<div class=\"wpb_gallery wpb_content_element clearfix\">\n\t\t<div class=\"wpb_wrapper\"><div class=\"wpb_gallery_slidesflickity_static_height_style\" data-onclick=\"link_no\" data-interval=\"5\"><style>.wpb_gallery_slidesflickity_static_height_style .nectar-flickity.instace-69ebb06721701:not(.masonry) .flickity-slider .cell img {\n      height: 800px;\n    }\n    @media only screen and (max-width: 1300px) {\n      .wpb_gallery_slidesflickity_static_height_style .nectar-flickity.instace-69ebb06721701:not(.masonry) .flickity-slider .cell img {\n        height: 400px;\n      }\n    }\n    @media only screen and (max-width: 1000px) {\n      .wpb_gallery_slidesflickity_static_height_style .nectar-flickity.instace-69ebb06721701:not(.masonry) .flickity-slider .cell img {\n        height: 350px;\n      }\n    }\n    @media only screen and (max-width: 690px) {\n      .wpb_gallery_slidesflickity_static_height_style .nectar-flickity.instace-69ebb06721701:not(.masonry) .flickity-slider .cell img {\n        height: 300px;\n      }\n    }<\/style><div class=\"nectar-flickity not-initialized instace-69ebb06721701\"  data-touch-icon-color=\"default\" data-drag-scale=\"\" data-overflow=\"hidden\" data-wrap=\"wrap\" data-spacing=\"default\" data-shadow=\"none\" data-autoplay=\"\" data-autoplay-dur=\"\" data-free-scroll=\"\" data-controls=\"pagination\"><div class=\"flickity-viewport\"> <div class=\"flickity-slider\"><div class=\"cell\" data-lazy=\"false\"><img loading=\"lazy\" decoding=\"async\" width=\"1024\" height=\"644\" src=\"https:\/\/bedterbeds.com\/wp-content\/uploads\/2024\/11\/Emily-I-Bettbank.webp\" class=\"skip-lazy nectar-lazy attachment-large\" alt=\"Emily I Bettbank\" title=\"Emily I Bettbank\" srcset=\"https:\/\/bedterbeds.com\/wp-content\/uploads\/2024\/11\/Emily-I-Bettbank.webp 1024w, https:\/\/bedterbeds.com\/wp-content\/uploads\/2024\/11\/Emily-I-Bettbank-300x189.webp 300w, https:\/\/bedterbeds.com\/wp-content\/uploads\/2024\/11\/Emily-I-Bettbank-768x483.webp 768w, https:\/\/bedterbeds.com\/wp-content\/uploads\/2024\/11\/Emily-I-Bettbank-18x12.webp 18w\" sizes=\"auto, (max-width: 1024px) 100vw, 1024px\" \/><\/div><\/div><\/div><\/div><\/div>\n\t\t<\/div> \n\t<\/div> <div id=\"fws_69ebb067221a4\" data-midnight=\"\" data-column-margin=\"90px\" class=\"wpb_row vc_row-fluid vc_row inner_row vc_row-o-equal-height vc_row-flex vc_row-o-content-middle reverse_columns_column_tablet reverse_columns_column_phone\"  style=\"\"><div class=\"row-bg-wrap\"> <div class=\"row-bg\" ><\/div> <\/div><div class=\"row_col_wrap_12_inner col span_12  left\">\n\t<div style=\"margin-top: 6%; \" class=\"vc_col-sm-12 wpb_column column_container vc_column_container col child_column centered-text padding-4-percent top_margin_tablet_0px top_margin_phone_4pct inherit_tablet no-extra-padding_phone\"   data-padding-pos=\"all\" data-has-bg-color=\"false\" data-bg-color=\"\" data-bg-opacity=\"1\" data-animation=\"\" data-delay=\"0\" >\n\t\t<div class=\"vc_column-inner\" >\n\t\t<div class=\"wpb_wrapper\">\n\t\t\t<div class=\"nectar-split-heading  font_size_35px\" data-align=\"default\" data-m-align=\"inherit\" data-text-effect=\"default\" data-animation-type=\"line-reveal-by-space\" data-animation-delay=\"0\" data-animation-offset=\"\" data-m-rm-animation=\"\" data-stagger=\"true\" data-custom-font-size=\"true\" style=\"font-size: 35px; line-height: 37.8px;\"><h2 style=\"max-width: 550px;\">Emily I Bettbank.<\/h2><\/div><div class=\"nectar-split-heading  font_size_35px\" data-align=\"default\" data-m-align=\"inherit\" data-text-effect=\"default\" data-animation-type=\"line-reveal-by-space\" data-animation-delay=\"0\" data-animation-offset=\"\" data-m-rm-animation=\"\" data-stagger=\"true\" data-custom-font-size=\"true\" style=\"font-size: 35px; line-height: 37.8px;\"><h4 style=\"max-width: 550px;\">Linear und funktional.<\/h4><\/div>\n<div class=\"wpb_text_column wpb_content_element\" style=\" max-width: 600px; display: inline-block;\">\n\t<div class=\"wpb_wrapper\">\n\t\t<p>With a width of 140cm, a lot can be stored in this stylish bed bench. This means your bedroom always looks tidy and thus contributes significantly to restful nights. The bed bench is rounded off with your favourite fabric and your preferred leg design.<\/p>\n\t<\/div>\n<\/div>\n\n\n\n\n\t\t<\/div> \n\t<\/div>\n\t<\/div> \n<\/div><\/div>\n\t\t\t<\/div> \n\t\t<\/div>\n\t<\/div> \n<\/div><\/div>","protected":false},"excerpt":{"rendered":"Emily I Bettbank.Linear und funktional. Bei einer Breite von 140cm l\u00e4sst sich in dieser stilvollen Bettbank einiges verstauen. So wirkt dein Schlafgemach stets aufger\u00e4umt und tr\u00e4gt somit erheblich zu erholsamen...","protected":false},"author":1,"featured_media":0,"parent":423,"menu_order":0,"comment_status":"closed","ping_status":"closed","template":"","meta":{"footnotes":""},"class_list":["post-1530","page","type-page","status-publish"],"yoast_head":"<!-- This site is optimized with the Yoast SEO plugin v27.4 - https:\/\/yoast.com\/product\/yoast-seo-wordpress\/ -->\n<title>Emily I Bettbank - Bedterbeds<\/title>\n<meta name=\"description\" content=\"Bei einer Breite von 140cm l\u00e4sst sich in dieser stilvollen Bettbank einiges verstauen. So wirkt dein Schlafgemach stets aufger\u00e4umt und tr\u00e4gt somit erheblich zu erholsamen N\u00e4chten bei.\" \/>\n<meta name=\"robots\" content=\"index, follow, max-snippet:-1, max-image-preview:large, max-video-preview:-1\" \/>\n<link rel=\"canonical\" href=\"https:\/\/bedterbeds.com\/en\/zubehor\/emily-i-bettbank\/\" \/>\n<meta property=\"og:locale\" content=\"en_US\" \/>\n<meta property=\"og:type\" content=\"article\" \/>\n<meta property=\"og:title\" content=\"Emily I Bettbank - Bedterbeds\" \/>\n<meta property=\"og:description\" content=\"Bei einer Breite von 140cm l\u00e4sst sich in dieser stilvollen Bettbank einiges verstauen. So wirkt dein Schlafgemach stets aufger\u00e4umt und tr\u00e4gt somit erheblich zu erholsamen N\u00e4chten bei.\" \/>\n<meta property=\"og:url\" content=\"https:\/\/bedterbeds.com\/en\/zubehor\/emily-i-bettbank\/\" \/>\n<meta property=\"og:site_name\" content=\"Bedterbeds\" \/>\n<meta property=\"article:modified_time\" content=\"2024-11-29T09:17:36+00:00\" \/>\n<meta property=\"og:image\" content=\"https:\/\/bedterbeds.com\/wp-content\/uploads\/2024\/11\/bedter-beds-logo.webp\" \/>\n\t<meta property=\"og:image:width\" content=\"1036\" \/>\n\t<meta property=\"og:image:height\" content=\"727\" \/>\n\t<meta property=\"og:image:type\" content=\"image\/webp\" \/>\n<meta name=\"twitter:card\" content=\"summary_large_image\" \/>\n<meta name=\"twitter:label1\" content=\"Est. reading time\" \/>\n\t<meta name=\"twitter:data1\" content=\"2 minutes\" \/>\n<script type=\"application\/ld+json\" class=\"yoast-schema-graph\">{\"@context\":\"https:\\\/\\\/schema.org\",\"@graph\":[{\"@type\":\"WebPage\",\"@id\":\"https:\\\/\\\/bedterbeds.com\\\/zubehor\\\/emily-i-bettbank\\\/\",\"url\":\"https:\\\/\\\/bedterbeds.com\\\/zubehor\\\/emily-i-bettbank\\\/\",\"name\":\"Emily I Bettbank - Bedterbeds\",\"isPartOf\":{\"@id\":\"https:\\\/\\\/bedterbeds.com\\\/#website\"},\"datePublished\":\"2024-05-15T09:29:18+00:00\",\"dateModified\":\"2024-11-29T09:17:36+00:00\",\"description\":\"Bei einer Breite von 140cm l\u00e4sst sich in dieser stilvollen Bettbank einiges verstauen. So wirkt dein Schlafgemach stets aufger\u00e4umt und tr\u00e4gt somit erheblich zu erholsamen N\u00e4chten bei.\",\"breadcrumb\":{\"@id\":\"https:\\\/\\\/bedterbeds.com\\\/zubehor\\\/emily-i-bettbank\\\/#breadcrumb\"},\"inLanguage\":\"en-US\",\"potentialAction\":[{\"@type\":\"ReadAction\",\"target\":[\"https:\\\/\\\/bedterbeds.com\\\/zubehor\\\/emily-i-bettbank\\\/\"]}]},{\"@type\":\"BreadcrumbList\",\"@id\":\"https:\\\/\\\/bedterbeds.com\\\/zubehor\\\/emily-i-bettbank\\\/#breadcrumb\",\"itemListElement\":[{\"@type\":\"ListItem\",\"position\":1,\"name\":\"Home\",\"item\":\"https:\\\/\\\/bedterbeds.com\\\/\"},{\"@type\":\"ListItem\",\"position\":2,\"name\":\"Zubeh\u00f6r\",\"item\":\"https:\\\/\\\/bedterbeds.com\\\/zubehor\\\/\"},{\"@type\":\"ListItem\",\"position\":3,\"name\":\"Emily I Bettbank\"}]},{\"@type\":\"WebSite\",\"@id\":\"https:\\\/\\\/bedterbeds.com\\\/#website\",\"url\":\"https:\\\/\\\/bedterbeds.com\\\/\",\"name\":\"Bedterbeds\",\"description\":\"Schlaferlebnisse der Extraklasse!\",\"publisher\":{\"@id\":\"https:\\\/\\\/bedterbeds.com\\\/#organization\"},\"potentialAction\":[{\"@type\":\"SearchAction\",\"target\":{\"@type\":\"EntryPoint\",\"urlTemplate\":\"https:\\\/\\\/bedterbeds.com\\\/?s={search_term_string}\"},\"query-input\":{\"@type\":\"PropertyValueSpecification\",\"valueRequired\":true,\"valueName\":\"search_term_string\"}}],\"inLanguage\":\"en-US\"},{\"@type\":\"Organization\",\"@id\":\"https:\\\/\\\/bedterbeds.com\\\/#organization\",\"name\":\"Bedterbeds\",\"url\":\"https:\\\/\\\/bedterbeds.com\\\/\",\"logo\":{\"@type\":\"ImageObject\",\"inLanguage\":\"en-US\",\"@id\":\"https:\\\/\\\/bedterbeds.com\\\/#\\\/schema\\\/logo\\\/image\\\/\",\"url\":\"https:\\\/\\\/bedterbeds.com\\\/wp-content\\\/uploads\\\/2024\\\/11\\\/bedter-beds-logo.webp\",\"contentUrl\":\"https:\\\/\\\/bedterbeds.com\\\/wp-content\\\/uploads\\\/2024\\\/11\\\/bedter-beds-logo.webp\",\"width\":1036,\"height\":727,\"caption\":\"Bedterbeds\"},\"image\":{\"@id\":\"https:\\\/\\\/bedterbeds.com\\\/#\\\/schema\\\/logo\\\/image\\\/\"}}]}<\/script>\n<!-- \/ Yoast SEO plugin. -->","yoast_head_json":{"title":"Emily I Bettbank - Bedterbeds","description":"Bei einer Breite von 140cm l\u00e4sst sich in dieser stilvollen Bettbank einiges verstauen. So wirkt dein Schlafgemach stets aufger\u00e4umt und tr\u00e4gt somit erheblich zu erholsamen N\u00e4chten bei.","robots":{"index":"index","follow":"follow","max-snippet":"max-snippet:-1","max-image-preview":"max-image-preview:large","max-video-preview":"max-video-preview:-1"},"canonical":"https:\/\/bedterbeds.com\/en\/zubehor\/emily-i-bettbank\/","og_locale":"en_US","og_type":"article","og_title":"Emily I Bettbank - Bedterbeds","og_description":"Bei einer Breite von 140cm l\u00e4sst sich in dieser stilvollen Bettbank einiges verstauen. So wirkt dein Schlafgemach stets aufger\u00e4umt und tr\u00e4gt somit erheblich zu erholsamen N\u00e4chten bei.","og_url":"https:\/\/bedterbeds.com\/en\/zubehor\/emily-i-bettbank\/","og_site_name":"Bedterbeds","article_modified_time":"2024-11-29T09:17:36+00:00","og_image":[{"width":1036,"height":727,"url":"https:\/\/bedterbeds.com\/wp-content\/uploads\/2024\/11\/bedter-beds-logo.webp","type":"image\/webp"}],"twitter_card":"summary_large_image","twitter_misc":{"Est. reading time":"2 minutes"},"schema":{"@context":"https:\/\/schema.org","@graph":[{"@type":"WebPage","@id":"https:\/\/bedterbeds.com\/zubehor\/emily-i-bettbank\/","url":"https:\/\/bedterbeds.com\/zubehor\/emily-i-bettbank\/","name":"Emily I Bettbank - Bedterbeds","isPartOf":{"@id":"https:\/\/bedterbeds.com\/#website"},"datePublished":"2024-05-15T09:29:18+00:00","dateModified":"2024-11-29T09:17:36+00:00","description":"Bei einer Breite von 140cm l\u00e4sst sich in dieser stilvollen Bettbank einiges verstauen. So wirkt dein Schlafgemach stets aufger\u00e4umt und tr\u00e4gt somit erheblich zu erholsamen N\u00e4chten bei.","breadcrumb":{"@id":"https:\/\/bedterbeds.com\/zubehor\/emily-i-bettbank\/#breadcrumb"},"inLanguage":"en-US","potentialAction":[{"@type":"ReadAction","target":["https:\/\/bedterbeds.com\/zubehor\/emily-i-bettbank\/"]}]},{"@type":"BreadcrumbList","@id":"https:\/\/bedterbeds.com\/zubehor\/emily-i-bettbank\/#breadcrumb","itemListElement":[{"@type":"ListItem","position":1,"name":"Home","item":"https:\/\/bedterbeds.com\/"},{"@type":"ListItem","position":2,"name":"Zubeh\u00f6r","item":"https:\/\/bedterbeds.com\/zubehor\/"},{"@type":"ListItem","position":3,"name":"Emily I Bettbank"}]},{"@type":"WebSite","@id":"https:\/\/bedterbeds.com\/#website","url":"https:\/\/bedterbeds.com\/","name":"Bedterbeds","description":"Schlaferlebnisse der Extraklasse!","publisher":{"@id":"https:\/\/bedterbeds.com\/#organization"},"potentialAction":[{"@type":"SearchAction","target":{"@type":"EntryPoint","urlTemplate":"https:\/\/bedterbeds.com\/?s={search_term_string}"},"query-input":{"@type":"PropertyValueSpecification","valueRequired":true,"valueName":"search_term_string"}}],"inLanguage":"en-US"},{"@type":"Organization","@id":"https:\/\/bedterbeds.com\/#organization","name":"Bedterbeds","url":"https:\/\/bedterbeds.com\/","logo":{"@type":"ImageObject","inLanguage":"en-US","@id":"https:\/\/bedterbeds.com\/#\/schema\/logo\/image\/","url":"https:\/\/bedterbeds.com\/wp-content\/uploads\/2024\/11\/bedter-beds-logo.webp","contentUrl":"https:\/\/bedterbeds.com\/wp-content\/uploads\/2024\/11\/bedter-beds-logo.webp","width":1036,"height":727,"caption":"Bedterbeds"},"image":{"@id":"https:\/\/bedterbeds.com\/#\/schema\/logo\/image\/"}}]}},"_links":{"self":[{"href":"https:\/\/bedterbeds.com\/en\/wp-json\/wp\/v2\/pages\/1530","targetHints":{"allow":["GET"]}}],"collection":[{"href":"https:\/\/bedterbeds.com\/en\/wp-json\/wp\/v2\/pages"}],"about":[{"href":"https:\/\/bedterbeds.com\/en\/wp-json\/wp\/v2\/types\/page"}],"author":[{"embeddable":true,"href":"https:\/\/bedterbeds.com\/en\/wp-json\/wp\/v2\/users\/1"}],"replies":[{"embeddable":true,"href":"https:\/\/bedterbeds.com\/en\/wp-json\/wp\/v2\/comments?post=1530"}],"version-history":[{"count":5,"href":"https:\/\/bedterbeds.com\/en\/wp-json\/wp\/v2\/pages\/1530\/revisions"}],"predecessor-version":[{"id":2176,"href":"https:\/\/bedterbeds.com\/en\/wp-json\/wp\/v2\/pages\/1530\/revisions\/2176"}],"up":[{"embeddable":true,"href":"https:\/\/bedterbeds.com\/en\/wp-json\/wp\/v2\/pages\/423"}],"wp:attachment":[{"href":"https:\/\/bedterbeds.com\/en\/wp-json\/wp\/v2\/media?parent=1530"}],"curies":[{"name":"wp","href":"https:\/\/api.w.org\/{rel}","templated":true}]}}