{"id":401,"date":"2023-12-02T00:39:03","date_gmt":"2023-12-02T00:39:03","guid":{"rendered":"https:\/\/bedterbeds.com\/?page_id=401"},"modified":"2024-11-29T07:11:52","modified_gmt":"2024-11-29T07:11:52","slug":"boxspringbetten","status":"publish","type":"page","link":"https:\/\/bedterbeds.com\/en\/boxspringbetten\/","title":{"rendered":"Box spring beds"},"content":{"rendered":"<div id=\"fws_69eb96888e7da\"  data-column-margin=\"default\" data-midnight=\"dark\" data-top-percent=\"0%\" data-bottom-percent=\"6%\"  class=\"wpb_row vc_row-fluid vc_row full-width-section  bottom_margin_80px right_padding_4pct left_padding_4pct top_padding_tablet_8pct bottom_padding_tablet_8pct right_padding_phone_15px left_padding_phone_15px\"  style=\"padding-top: calc(100vw * 0.00); padding-bottom: calc(100vw * 0.06); \"><div class=\"row-bg-wrap\" data-bg-animation=\"none\" data-bg-animation-delay=\"\" data-bg-overlay=\"false\"><div class=\"inner-wrap row-bg-layer\" ><div class=\"row-bg viewport-desktop using-bg-color\"  style=\"background-color: #ffffff; \"><\/div><\/div><\/div><div class=\"row_col_wrap_12 col span_12 dark left\">\n\t<div  class=\"vc_col-sm-12 wpb_column column_container vc_column_container col no-extra-padding inherit_tablet inherit_phone\"  data-padding-pos=\"all\" data-has-bg-color=\"false\" data-bg-color=\"\" data-bg-opacity=\"1\" data-animation=\"\" data-delay=\"0\" >\n\t\t<div class=\"vc_column-inner\" >\n\t\t\t<div class=\"wpb_wrapper\">\n\t\t\t\t<div id=\"fws_69eb96888ed98\" data-midnight=\"\" data-column-margin=\"90px\" class=\"wpb_row vc_row-fluid vc_row inner_row vc_row-o-equal-height vc_row-flex vc_row-o-content-middle reverse_columns_column_tablet reverse_columns_column_phone\"  style=\"\"><div class=\"row-bg-wrap\"> <div class=\"row-bg\" ><\/div> <\/div><div class=\"row_col_wrap_12_inner col span_12  left\">\n\t<div style=\"margin-top: 6%; \" class=\"vc_col-sm-12 wpb_column column_container vc_column_container col child_column centered-text padding-4-percent top_margin_tablet_0px top_margin_phone_4pct inherit_tablet no-extra-padding_phone\"   data-padding-pos=\"all\" data-has-bg-color=\"false\" data-bg-color=\"\" data-bg-opacity=\"1\" data-animation=\"\" data-delay=\"0\" >\n\t\t<div class=\"vc_column-inner\" >\n\t\t<div class=\"wpb_wrapper\">\n\t\t\t<div class=\"nectar-split-heading  font_size_35px\" data-align=\"default\" data-m-align=\"inherit\" data-text-effect=\"default\" data-animation-type=\"line-reveal-by-space\" data-animation-delay=\"0\" data-animation-offset=\"\" data-m-rm-animation=\"\" data-stagger=\"true\" data-custom-font-size=\"true\" style=\"font-size: 35px; line-height: 37.8px;\"><h4 style=\"max-width: 550px;\">Box spring beds<\/h4><\/div>\n<div class=\"wpb_text_column wpb_content_element\" style=\" max-width: 600px; display: inline-block;\">\n\t<div class=\"wpb_wrapper\">\n\t\t<p>The special feature of a box spring bed lies in its structure: instead of a conventional slatted frame, the bed has a spring-loaded base frame. This means that the mattress on top is optimally supported, ensuring maximum comfort. Thanks to the large selection of exquisite fabrics, there is a wide selection for your own individuality.<\/p>\n\t<\/div>\n<\/div>\n\n\n\n\n\t\t<\/div> \n\t<\/div>\n\t<\/div> \n<\/div><\/div><div id=\"fws_69eb96888f2d9\" data-midnight=\"\" data-column-margin=\"default\" class=\"wpb_row vc_row-fluid vc_row inner_row\"  style=\"\"><div class=\"row-bg-wrap\"> <div class=\"row-bg\" ><\/div> <\/div><div class=\"row_col_wrap_12_inner col span_12  left\">\n\t<div  class=\"vc_col-sm-6 wpb_column column_container vc_column_container col child_column no-extra-padding inherit_tablet inherit_phone\"   data-padding-pos=\"all\" data-has-bg-color=\"false\" data-bg-color=\"\" data-bg-opacity=\"1\" data-animation=\"\" data-delay=\"0\" >\n\t\t<div class=\"vc_column-inner\" >\n\t\t<div class=\"wpb_wrapper\">\n\t\t\t<div class=\"img-with-aniamtion-wrap  custom-size\" data-max-width=\"100%\" data-max-width-mobile=\"default\" data-shadow=\"none\" data-animation=\"none\" >\n      <div class=\"inner\">\n        <div class=\"hover-wrap\" data-hover-animation=\"color-overlay\"> <div class=\"color-overlay\" style=\"background-color: #939393;\"><\/div>\n          <div class=\"hover-wrap-inner\">\n            <a href=\"\/en\/boxspringbetten\/bull-bxb\/\" target=\"_self\" class=\"\">\n              <img loading=\"lazy\" decoding=\"async\" class=\"img-with-animation skip-lazy\" data-delay=\"0\" height=\"604\" width=\"900\" data-animation=\"none\" src=\"https:\/\/bedterbeds.com\/wp-content\/uploads\/2024\/11\/Bull-BXB-900x604.webp\" alt=\"Bull BXB\" srcset=\"https:\/\/bedterbeds.com\/wp-content\/uploads\/2024\/11\/Bull-BXB-900x604.webp 900w, https:\/\/bedterbeds.com\/wp-content\/uploads\/2024\/11\/Bull-BXB-18x12.webp 18w, https:\/\/bedterbeds.com\/wp-content\/uploads\/2024\/11\/Bull-BXB-600x403.webp 600w, https:\/\/bedterbeds.com\/wp-content\/uploads\/2024\/11\/Bull-BXB-400x269.webp 400w\" sizes=\"auto, (max-width: 900px) 100vw, 900px\" \/>\n            <\/a>\n          <\/div>\n        <\/div>\n      <\/div>\n      <\/div>\n<div class=\"wpb_text_column wpb_content_element\" >\n\t<div class=\"wpb_wrapper\">\n\t\t<h3><a href=\"\/en\/boxspringbetten\/bull-bxb\/\">Bull BXB<\/a><\/h3>\n\t<\/div>\n<\/div>\n\n\n\n\n\t\t<\/div> \n\t<\/div>\n\t<\/div> \n\n\t<div  class=\"vc_col-sm-6 wpb_column column_container vc_column_container col child_column no-extra-padding inherit_tablet inherit_phone\"   data-padding-pos=\"all\" data-has-bg-color=\"false\" data-bg-color=\"\" data-bg-opacity=\"1\" data-animation=\"\" data-delay=\"0\" >\n\t\t<div class=\"vc_column-inner\" >\n\t\t<div class=\"wpb_wrapper\">\n\t\t\t<div class=\"img-with-aniamtion-wrap  custom-size\" data-max-width=\"100%\" data-max-width-mobile=\"default\" data-shadow=\"none\" data-animation=\"none\" >\n      <div class=\"inner\">\n        <div class=\"hover-wrap\" data-hover-animation=\"color-overlay\"> <div class=\"color-overlay\" style=\"background-color: #939393;\"><\/div>\n          <div class=\"hover-wrap-inner\">\n            <a href=\"\/en\/boxspringbetten\/menorca-ii-bxb\/\" target=\"_self\" class=\"\">\n              <img loading=\"lazy\" decoding=\"async\" class=\"img-with-animation skip-lazy\" data-delay=\"0\" height=\"604\" width=\"900\" data-animation=\"none\" src=\"https:\/\/bedterbeds.com\/wp-content\/uploads\/2024\/11\/Menorca-BXB-900x604.webp\" alt=\"Menorca BXB\" srcset=\"https:\/\/bedterbeds.com\/wp-content\/uploads\/2024\/11\/Menorca-BXB-900x604.webp 900w, https:\/\/bedterbeds.com\/wp-content\/uploads\/2024\/11\/Menorca-BXB-18x12.webp 18w, https:\/\/bedterbeds.com\/wp-content\/uploads\/2024\/11\/Menorca-BXB-600x403.webp 600w, https:\/\/bedterbeds.com\/wp-content\/uploads\/2024\/11\/Menorca-BXB-400x269.webp 400w\" sizes=\"auto, (max-width: 900px) 100vw, 900px\" \/>\n            <\/a>\n          <\/div>\n        <\/div>\n      <\/div>\n      <\/div>\n<div class=\"wpb_text_column wpb_content_element\" >\n\t<div class=\"wpb_wrapper\">\n\t\t<h3><a href=\"\/en\/boxspringbetten\/menorca-ii-bxb\/\">Menorca II BXB<\/a><\/h3>\n\t<\/div>\n<\/div>\n\n\n\n\n\t\t<\/div> \n\t<\/div>\n\t<\/div> \n<\/div><\/div><div id=\"fws_69eb96889069e\" data-midnight=\"\" data-column-margin=\"default\" class=\"wpb_row vc_row-fluid vc_row inner_row\"  style=\"\"><div class=\"row-bg-wrap\"> <div class=\"row-bg\" ><\/div> <\/div><div class=\"row_col_wrap_12_inner col span_12  left\">\n\t<div  class=\"vc_col-sm-6 wpb_column column_container vc_column_container col child_column no-extra-padding inherit_tablet inherit_phone\"   data-padding-pos=\"all\" data-has-bg-color=\"false\" data-bg-color=\"\" data-bg-opacity=\"1\" data-animation=\"\" data-delay=\"0\" >\n\t\t<div class=\"vc_column-inner\" >\n\t\t<div class=\"wpb_wrapper\">\n\t\t\t<div class=\"img-with-aniamtion-wrap  custom-size\" data-max-width=\"100%\" data-max-width-mobile=\"default\" data-shadow=\"none\" data-animation=\"none\" >\n      <div class=\"inner\">\n        <div class=\"hover-wrap\" data-hover-animation=\"color-overlay\"> <div class=\"color-overlay\" style=\"background-color: #939393;\"><\/div>\n          <div class=\"hover-wrap-inner\">\n            <a href=\"\/en\/boxspringbetten\/moneta-bxb\/\" target=\"_self\" class=\"\">\n              <img loading=\"lazy\" decoding=\"async\" class=\"img-with-animation skip-lazy\" data-delay=\"0\" height=\"604\" width=\"900\" data-animation=\"none\" src=\"https:\/\/bedterbeds.com\/wp-content\/uploads\/2024\/11\/Moneta-BXB-Cover-900x604.webp\" alt=\"Moneta BXB Cover\" srcset=\"https:\/\/bedterbeds.com\/wp-content\/uploads\/2024\/11\/Moneta-BXB-Cover-900x604.webp 900w, https:\/\/bedterbeds.com\/wp-content\/uploads\/2024\/11\/Moneta-BXB-Cover-18x12.webp 18w, https:\/\/bedterbeds.com\/wp-content\/uploads\/2024\/11\/Moneta-BXB-Cover-600x403.webp 600w, https:\/\/bedterbeds.com\/wp-content\/uploads\/2024\/11\/Moneta-BXB-Cover-400x269.webp 400w\" sizes=\"auto, (max-width: 900px) 100vw, 900px\" \/>\n            <\/a>\n          <\/div>\n        <\/div>\n      <\/div>\n      <\/div>\n<div class=\"wpb_text_column wpb_content_element\" >\n\t<div class=\"wpb_wrapper\">\n\t\t<h3><a href=\"\/en\/boxspringbetten\/moneta-bxb\/\">Moneta BXB<\/a><\/h3>\n\t<\/div>\n<\/div>\n\n\n\n\n\t\t<\/div> \n\t<\/div>\n\t<\/div> \n\n\t<div  class=\"vc_col-sm-6 wpb_column column_container vc_column_container col child_column no-extra-padding inherit_tablet inherit_phone\"   data-padding-pos=\"all\" data-has-bg-color=\"false\" data-bg-color=\"\" data-bg-opacity=\"1\" data-animation=\"\" data-delay=\"0\" >\n\t\t<div class=\"vc_column-inner\" >\n\t\t<div class=\"wpb_wrapper\">\n\t\t\t<div class=\"img-with-aniamtion-wrap  custom-size\" data-max-width=\"100%\" data-max-width-mobile=\"default\" data-shadow=\"none\" data-animation=\"none\" >\n      <div class=\"inner\">\n        <div class=\"hover-wrap\" data-hover-animation=\"color-overlay\"> <div class=\"color-overlay\" style=\"background-color: #939393;\"><\/div>\n          <div class=\"hover-wrap-inner\">\n            <a href=\"\/en\/boxspringbetten\/free-bxb\/\" target=\"_self\" class=\"\">\n              <img loading=\"lazy\" decoding=\"async\" class=\"img-with-animation skip-lazy\" data-delay=\"0\" height=\"604\" width=\"900\" data-animation=\"none\" src=\"https:\/\/bedterbeds.com\/wp-content\/uploads\/2024\/11\/Free-BXB-Cover-900x604.webp\" alt=\"Free BXB Cover\" srcset=\"https:\/\/bedterbeds.com\/wp-content\/uploads\/2024\/11\/Free-BXB-Cover-900x604.webp 900w, https:\/\/bedterbeds.com\/wp-content\/uploads\/2024\/11\/Free-BXB-Cover-18x12.webp 18w, https:\/\/bedterbeds.com\/wp-content\/uploads\/2024\/11\/Free-BXB-Cover-600x403.webp 600w, https:\/\/bedterbeds.com\/wp-content\/uploads\/2024\/11\/Free-BXB-Cover-400x269.webp 400w\" sizes=\"auto, (max-width: 900px) 100vw, 900px\" \/>\n            <\/a>\n          <\/div>\n        <\/div>\n      <\/div>\n      <\/div>\n<div class=\"wpb_text_column wpb_content_element\" >\n\t<div class=\"wpb_wrapper\">\n\t\t<h3><a href=\"https:\/\/bedterbeds.com\/en\/boxspringbetten\/free-bxb\/\">Free BXB<\/a><\/h3>\n\t<\/div>\n<\/div>\n\n\n\n\n\t\t<\/div> \n\t<\/div>\n\t<\/div> \n<\/div><\/div><div id=\"fws_69eb968891bb3\" data-midnight=\"\" data-column-margin=\"default\" class=\"wpb_row vc_row-fluid vc_row inner_row\"  style=\"\"><div class=\"row-bg-wrap\"> <div class=\"row-bg\" ><\/div> <\/div><div class=\"row_col_wrap_12_inner col span_12  left\">\n\t<div  class=\"vc_col-sm-6 wpb_column column_container vc_column_container col child_column no-extra-padding inherit_tablet inherit_phone\"   data-padding-pos=\"all\" data-has-bg-color=\"false\" data-bg-color=\"\" data-bg-opacity=\"1\" data-animation=\"\" data-delay=\"0\" >\n\t\t<div class=\"vc_column-inner\" >\n\t\t<div class=\"wpb_wrapper\">\n\t\t\t<div class=\"img-with-aniamtion-wrap  custom-size\" data-max-width=\"100%\" data-max-width-mobile=\"default\" data-shadow=\"none\" data-animation=\"none\" >\n      <div class=\"inner\">\n        <div class=\"hover-wrap\" data-hover-animation=\"color-overlay\"> <div class=\"color-overlay\" style=\"background-color: #939393;\"><\/div>\n          <div class=\"hover-wrap-inner\">\n            <a href=\"\/en\/boxspringbetten\/simba-bxb\/\" target=\"_self\" class=\"\">\n              <img loading=\"lazy\" decoding=\"async\" class=\"img-with-animation skip-lazy\" data-delay=\"0\" height=\"604\" width=\"900\" data-animation=\"none\" src=\"https:\/\/bedterbeds.com\/wp-content\/uploads\/2024\/11\/Simba-BXB-Cover-900x604.webp\" alt=\"Simba BXB Cover\" srcset=\"https:\/\/bedterbeds.com\/wp-content\/uploads\/2024\/11\/Simba-BXB-Cover-900x604.webp 900w, https:\/\/bedterbeds.com\/wp-content\/uploads\/2024\/11\/Simba-BXB-Cover-18x12.webp 18w, https:\/\/bedterbeds.com\/wp-content\/uploads\/2024\/11\/Simba-BXB-Cover-600x403.webp 600w, https:\/\/bedterbeds.com\/wp-content\/uploads\/2024\/11\/Simba-BXB-Cover-400x269.webp 400w\" sizes=\"auto, (max-width: 900px) 100vw, 900px\" \/>\n            <\/a>\n          <\/div>\n        <\/div>\n      <\/div>\n      <\/div>\n<div class=\"wpb_text_column wpb_content_element\" >\n\t<div class=\"wpb_wrapper\">\n\t\t<h3><a href=\"https:\/\/bedterbeds.com\/en\/boxspringbetten\/simba-bxb\/\">Simba BXB<\/a><\/h3>\n\t<\/div>\n<\/div>\n\n\n\n\n\t\t<\/div> \n\t<\/div>\n\t<\/div> \n<\/div><\/div>\n\t\t\t<\/div> \n\t\t<\/div>\n\t<\/div> \n<\/div><\/div>","protected":false},"excerpt":{"rendered":"Boxspringbetten Die Besonderheit eines Boxspringbettes liegt im Aufbau: Anstelle eines herk\u00f6mmlichen Lattenrostes verf\u00fcgt das Bett \u00fcber ein gefedertes Untergestell. So wird die aufliegende Matratze optimal gest\u00fctzt, was f\u00fcr maximalen Komfort...","protected":false},"author":1,"featured_media":0,"parent":0,"menu_order":0,"comment_status":"closed","ping_status":"closed","template":"","meta":{"footnotes":""},"class_list":["post-401","page","type-page","status-publish"],"yoast_head":"<!-- This site is optimized with the Yoast SEO plugin v27.4 - https:\/\/yoast.com\/product\/yoast-seo-wordpress\/ -->\n<title>Boxspringbetten - Bedterbeds<\/title>\n<meta name=\"description\" content=\"Die Besonderheit eines Boxspringbettes liegt im Aufbau: Anstelle eines herk\u00f6mmlichen Lattenrostes verf\u00fcgt das Bett \u00fcber ein gefedertes Untergestell.\" \/>\n<meta name=\"robots\" content=\"index, follow, max-snippet:-1, max-image-preview:large, max-video-preview:-1\" \/>\n<link rel=\"canonical\" href=\"https:\/\/bedterbeds.com\/en\/boxspringbetten\/\" \/>\n<meta property=\"og:locale\" content=\"en_US\" \/>\n<meta property=\"og:type\" content=\"article\" \/>\n<meta property=\"og:title\" content=\"Boxspringbetten - Bedterbeds\" \/>\n<meta property=\"og:description\" content=\"Die Besonderheit eines Boxspringbettes liegt im Aufbau: Anstelle eines herk\u00f6mmlichen Lattenrostes verf\u00fcgt das Bett \u00fcber ein gefedertes Untergestell.\" \/>\n<meta property=\"og:url\" content=\"https:\/\/bedterbeds.com\/en\/boxspringbetten\/\" \/>\n<meta property=\"og:site_name\" content=\"Bedterbeds\" \/>\n<meta property=\"article:modified_time\" content=\"2024-11-29T07:11:52+00:00\" \/>\n<meta property=\"og:image\" content=\"https:\/\/bedterbeds.com\/wp-content\/uploads\/2024\/11\/bedter-beds-logo.webp\" \/>\n\t<meta property=\"og:image:width\" content=\"1036\" \/>\n\t<meta property=\"og:image:height\" content=\"727\" \/>\n\t<meta property=\"og:image:type\" content=\"image\/webp\" \/>\n<meta name=\"twitter:card\" content=\"summary_large_image\" \/>\n<meta name=\"twitter:label1\" content=\"Est. reading time\" \/>\n\t<meta name=\"twitter:data1\" content=\"3 minutes\" \/>\n<script type=\"application\/ld+json\" class=\"yoast-schema-graph\">{\"@context\":\"https:\\\/\\\/schema.org\",\"@graph\":[{\"@type\":\"WebPage\",\"@id\":\"https:\\\/\\\/bedterbeds.com\\\/boxspringbetten\\\/\",\"url\":\"https:\\\/\\\/bedterbeds.com\\\/boxspringbetten\\\/\",\"name\":\"Boxspringbetten - Bedterbeds\",\"isPartOf\":{\"@id\":\"https:\\\/\\\/bedterbeds.com\\\/#website\"},\"datePublished\":\"2023-12-02T00:39:03+00:00\",\"dateModified\":\"2024-11-29T07:11:52+00:00\",\"description\":\"Die Besonderheit eines Boxspringbettes liegt im Aufbau: Anstelle eines herk\u00f6mmlichen Lattenrostes verf\u00fcgt das Bett \u00fcber ein gefedertes Untergestell.\",\"breadcrumb\":{\"@id\":\"https:\\\/\\\/bedterbeds.com\\\/boxspringbetten\\\/#breadcrumb\"},\"inLanguage\":\"en-US\",\"potentialAction\":[{\"@type\":\"ReadAction\",\"target\":[\"https:\\\/\\\/bedterbeds.com\\\/boxspringbetten\\\/\"]}]},{\"@type\":\"BreadcrumbList\",\"@id\":\"https:\\\/\\\/bedterbeds.com\\\/boxspringbetten\\\/#breadcrumb\",\"itemListElement\":[{\"@type\":\"ListItem\",\"position\":1,\"name\":\"Home\",\"item\":\"https:\\\/\\\/bedterbeds.com\\\/\"},{\"@type\":\"ListItem\",\"position\":2,\"name\":\"Boxspringbetten\"}]},{\"@type\":\"WebSite\",\"@id\":\"https:\\\/\\\/bedterbeds.com\\\/#website\",\"url\":\"https:\\\/\\\/bedterbeds.com\\\/\",\"name\":\"Bedterbeds\",\"description\":\"Schlaferlebnisse der Extraklasse!\",\"publisher\":{\"@id\":\"https:\\\/\\\/bedterbeds.com\\\/#organization\"},\"potentialAction\":[{\"@type\":\"SearchAction\",\"target\":{\"@type\":\"EntryPoint\",\"urlTemplate\":\"https:\\\/\\\/bedterbeds.com\\\/?s={search_term_string}\"},\"query-input\":{\"@type\":\"PropertyValueSpecification\",\"valueRequired\":true,\"valueName\":\"search_term_string\"}}],\"inLanguage\":\"en-US\"},{\"@type\":\"Organization\",\"@id\":\"https:\\\/\\\/bedterbeds.com\\\/#organization\",\"name\":\"Bedterbeds\",\"url\":\"https:\\\/\\\/bedterbeds.com\\\/\",\"logo\":{\"@type\":\"ImageObject\",\"inLanguage\":\"en-US\",\"@id\":\"https:\\\/\\\/bedterbeds.com\\\/#\\\/schema\\\/logo\\\/image\\\/\",\"url\":\"https:\\\/\\\/bedterbeds.com\\\/wp-content\\\/uploads\\\/2024\\\/11\\\/bedter-beds-logo.webp\",\"contentUrl\":\"https:\\\/\\\/bedterbeds.com\\\/wp-content\\\/uploads\\\/2024\\\/11\\\/bedter-beds-logo.webp\",\"width\":1036,\"height\":727,\"caption\":\"Bedterbeds\"},\"image\":{\"@id\":\"https:\\\/\\\/bedterbeds.com\\\/#\\\/schema\\\/logo\\\/image\\\/\"}}]}<\/script>\n<!-- \/ Yoast SEO plugin. -->","yoast_head_json":{"title":"Boxspringbetten - Bedterbeds","description":"Die Besonderheit eines Boxspringbettes liegt im Aufbau: Anstelle eines herk\u00f6mmlichen Lattenrostes verf\u00fcgt das Bett \u00fcber ein gefedertes Untergestell.","robots":{"index":"index","follow":"follow","max-snippet":"max-snippet:-1","max-image-preview":"max-image-preview:large","max-video-preview":"max-video-preview:-1"},"canonical":"https:\/\/bedterbeds.com\/en\/boxspringbetten\/","og_locale":"en_US","og_type":"article","og_title":"Boxspringbetten - Bedterbeds","og_description":"Die Besonderheit eines Boxspringbettes liegt im Aufbau: Anstelle eines herk\u00f6mmlichen Lattenrostes verf\u00fcgt das Bett \u00fcber ein gefedertes Untergestell.","og_url":"https:\/\/bedterbeds.com\/en\/boxspringbetten\/","og_site_name":"Bedterbeds","article_modified_time":"2024-11-29T07:11:52+00:00","og_image":[{"width":1036,"height":727,"url":"https:\/\/bedterbeds.com\/wp-content\/uploads\/2024\/11\/bedter-beds-logo.webp","type":"image\/webp"}],"twitter_card":"summary_large_image","twitter_misc":{"Est. reading time":"3 minutes"},"schema":{"@context":"https:\/\/schema.org","@graph":[{"@type":"WebPage","@id":"https:\/\/bedterbeds.com\/boxspringbetten\/","url":"https:\/\/bedterbeds.com\/boxspringbetten\/","name":"Boxspringbetten - Bedterbeds","isPartOf":{"@id":"https:\/\/bedterbeds.com\/#website"},"datePublished":"2023-12-02T00:39:03+00:00","dateModified":"2024-11-29T07:11:52+00:00","description":"Die Besonderheit eines Boxspringbettes liegt im Aufbau: Anstelle eines herk\u00f6mmlichen Lattenrostes verf\u00fcgt das Bett \u00fcber ein gefedertes Untergestell.","breadcrumb":{"@id":"https:\/\/bedterbeds.com\/boxspringbetten\/#breadcrumb"},"inLanguage":"en-US","potentialAction":[{"@type":"ReadAction","target":["https:\/\/bedterbeds.com\/boxspringbetten\/"]}]},{"@type":"BreadcrumbList","@id":"https:\/\/bedterbeds.com\/boxspringbetten\/#breadcrumb","itemListElement":[{"@type":"ListItem","position":1,"name":"Home","item":"https:\/\/bedterbeds.com\/"},{"@type":"ListItem","position":2,"name":"Boxspringbetten"}]},{"@type":"WebSite","@id":"https:\/\/bedterbeds.com\/#website","url":"https:\/\/bedterbeds.com\/","name":"Bedterbeds","description":"Schlaferlebnisse der Extraklasse!","publisher":{"@id":"https:\/\/bedterbeds.com\/#organization"},"potentialAction":[{"@type":"SearchAction","target":{"@type":"EntryPoint","urlTemplate":"https:\/\/bedterbeds.com\/?s={search_term_string}"},"query-input":{"@type":"PropertyValueSpecification","valueRequired":true,"valueName":"search_term_string"}}],"inLanguage":"en-US"},{"@type":"Organization","@id":"https:\/\/bedterbeds.com\/#organization","name":"Bedterbeds","url":"https:\/\/bedterbeds.com\/","logo":{"@type":"ImageObject","inLanguage":"en-US","@id":"https:\/\/bedterbeds.com\/#\/schema\/logo\/image\/","url":"https:\/\/bedterbeds.com\/wp-content\/uploads\/2024\/11\/bedter-beds-logo.webp","contentUrl":"https:\/\/bedterbeds.com\/wp-content\/uploads\/2024\/11\/bedter-beds-logo.webp","width":1036,"height":727,"caption":"Bedterbeds"},"image":{"@id":"https:\/\/bedterbeds.com\/#\/schema\/logo\/image\/"}}]}},"_links":{"self":[{"href":"https:\/\/bedterbeds.com\/en\/wp-json\/wp\/v2\/pages\/401","targetHints":{"allow":["GET"]}}],"collection":[{"href":"https:\/\/bedterbeds.com\/en\/wp-json\/wp\/v2\/pages"}],"about":[{"href":"https:\/\/bedterbeds.com\/en\/wp-json\/wp\/v2\/types\/page"}],"author":[{"embeddable":true,"href":"https:\/\/bedterbeds.com\/en\/wp-json\/wp\/v2\/users\/1"}],"replies":[{"embeddable":true,"href":"https:\/\/bedterbeds.com\/en\/wp-json\/wp\/v2\/comments?post=401"}],"version-history":[{"count":31,"href":"https:\/\/bedterbeds.com\/en\/wp-json\/wp\/v2\/pages\/401\/revisions"}],"predecessor-version":[{"id":2060,"href":"https:\/\/bedterbeds.com\/en\/wp-json\/wp\/v2\/pages\/401\/revisions\/2060"}],"wp:attachment":[{"href":"https:\/\/bedterbeds.com\/en\/wp-json\/wp\/v2\/media?parent=401"}],"curies":[{"name":"wp","href":"https:\/\/api.w.org\/{rel}","templated":true}]}}