{"id":423,"date":"2023-12-02T00:59:26","date_gmt":"2023-12-02T00:59:26","guid":{"rendered":"https:\/\/bedterbeds.com\/?page_id=423"},"modified":"2024-11-29T07:15:37","modified_gmt":"2024-11-29T07:15:37","slug":"zubehor","status":"publish","type":"page","link":"https:\/\/bedterbeds.com\/en\/zubehor\/","title":{"rendered":"Accessories"},"content":{"rendered":"<div id=\"fws_69eb9695be7bc\"  data-column-margin=\"default\" data-midnight=\"dark\" data-top-percent=\"0%\" data-bottom-percent=\"6%\"  class=\"wpb_row vc_row-fluid vc_row full-width-section  bottom_margin_-80px right_padding_4pct left_padding_4pct top_padding_tablet_8pct bottom_padding_tablet_8pct right_padding_phone_15px left_padding_phone_15px\"  style=\"padding-top: calc(100vw * 0.00); padding-bottom: calc(100vw * 0.06); \"><div class=\"row-bg-wrap\" data-bg-animation=\"none\" data-bg-animation-delay=\"\" data-bg-overlay=\"false\"><div class=\"inner-wrap row-bg-layer\" ><div class=\"row-bg viewport-desktop using-bg-color\"  style=\"background-color: #ffffff; \"><\/div><\/div><\/div><div class=\"row_col_wrap_12 col span_12 dark left\">\n\t<div  class=\"vc_col-sm-12 wpb_column column_container vc_column_container col no-extra-padding inherit_tablet inherit_phone\"  data-padding-pos=\"all\" data-has-bg-color=\"false\" data-bg-color=\"\" data-bg-opacity=\"1\" data-animation=\"\" data-delay=\"0\" >\n\t\t<div class=\"vc_column-inner\" >\n\t\t\t<div class=\"wpb_wrapper\">\n\t\t\t\t<div id=\"fws_69eb9695beb7b\" data-midnight=\"\" data-column-margin=\"90px\" class=\"wpb_row vc_row-fluid vc_row inner_row vc_row-o-equal-height vc_row-flex vc_row-o-content-middle reverse_columns_column_tablet reverse_columns_column_phone\"  style=\"\"><div class=\"row-bg-wrap\"> <div class=\"row-bg\" ><\/div> <\/div><div class=\"row_col_wrap_12_inner col span_12  left\">\n\t<div style=\"margin-top: 6%; \" class=\"vc_col-sm-12 wpb_column column_container vc_column_container col child_column centered-text padding-4-percent top_margin_tablet_0px top_margin_phone_4pct inherit_tablet no-extra-padding_phone\"   data-padding-pos=\"all\" data-has-bg-color=\"false\" data-bg-color=\"\" data-bg-opacity=\"1\" data-animation=\"\" data-delay=\"0\" >\n\t\t<div class=\"vc_column-inner\" >\n\t\t<div class=\"wpb_wrapper\">\n\t\t\t<div class=\"nectar-split-heading  font_size_35px\" data-align=\"default\" data-m-align=\"inherit\" data-text-effect=\"default\" data-animation-type=\"line-reveal-by-space\" data-animation-delay=\"0\" data-animation-offset=\"\" data-m-rm-animation=\"\" data-stagger=\"true\" data-custom-font-size=\"true\" style=\"font-size: 35px; line-height: 37.8px;\"><h2 style=\"max-width: 550px;\">Accessories<\/h2><\/div>\n<div class=\"wpb_text_column wpb_content_element\" style=\" max-width: 600px; display: inline-block;\">\n\t<div class=\"wpb_wrapper\">\n\t\t<p>With these practical accessories you can give your bedroom a very personal touch. And, when it's time for a change of scenery, these extras can be used to wonderfully redesign and refresh.<\/p>\n\t<\/div>\n<\/div>\n\n\n\n\n\t\t<\/div> \n\t<\/div>\n\t<\/div> \n<\/div><\/div>\n\t\t\t<\/div> \n\t\t<\/div>\n\t<\/div> \n<\/div><\/div>\n\t\t<div id=\"fws_69eb9695bf174\"  data-column-margin=\"default\" data-midnight=\"dark\" data-top-percent=\"6%\" data-bottom-percent=\"6%\"  class=\"wpb_row vc_row-fluid vc_row full-width-section  right_padding_4pct left_padding_4pct\"  style=\"padding-top: calc(100vw * 0.06); padding-bottom: calc(100vw * 0.06); \"><div class=\"row-bg-wrap\" data-bg-animation=\"none\" data-bg-animation-delay=\"\" data-bg-overlay=\"false\"><div class=\"inner-wrap row-bg-layer\" ><div class=\"row-bg viewport-desktop using-bg-color\"  style=\"background-color: #ffffff; \"><\/div><\/div><\/div><div class=\"row_col_wrap_12 col span_12 dark left\">\n\t<div  class=\"vc_col-sm-12 wpb_column column_container vc_column_container col no-extra-padding inherit_tablet inherit_phone\"  data-padding-pos=\"all\" data-has-bg-color=\"false\" data-bg-color=\"\" data-bg-opacity=\"1\" data-animation=\"\" data-delay=\"0\" >\n\t\t<div class=\"vc_column-inner\" >\n\t\t\t<div class=\"wpb_wrapper\">\n\t\t\t\t\n\t<div class=\"wpb_content_element\" data-interval=\"0\">\n\t\t<div class=\"wpb_wrapper tabbed clearfix\" data-style=\"minimal_flexible\" data-animation=\"\" data-spacing=\"\" data-icon-size=\"32\" data-full-width-line=\"\" data-color-scheme=\"accent-color\" data-alignment=\"left\">\n\t\t\t<ul class=\"wpb_tabs_nav ui-tabs-nav clearfix\"><li class=\"tab-item active-tab\"><a role=\"button\" href=\"#tab-1706806501784-7\" class=\"active-tab\"><span>View all<\/span><\/a><\/li><\/ul>\n\n\t\t\t\n\t\t\t<div id=\"tab-alle-anzeigen\" data-tab-icon=\"\" class=\"wpb_tab ui-tabs-panel wpb_ui-tabs-hide clearfix\">\n\t\t\t\t<div id=\"fws_69eb9695bf57c\" data-midnight=\"\" data-column-margin=\"default\" class=\"wpb_row vc_row-fluid vc_row inner_row\"  style=\"\"><div class=\"row-bg-wrap\"> <div class=\"row-bg\" ><\/div> <\/div><div class=\"row_col_wrap_12_inner col span_12  left\">\n\t<div  class=\"vc_col-sm-6 wpb_column column_container vc_column_container col child_column no-extra-padding inherit_tablet inherit_phone\"   data-padding-pos=\"all\" data-has-bg-color=\"false\" data-bg-color=\"\" data-bg-opacity=\"1\" data-animation=\"\" data-delay=\"0\" >\n\t\t<div class=\"vc_column-inner\" >\n\t\t<div class=\"wpb_wrapper\">\n\t\t\t<div class=\"img-with-aniamtion-wrap  custom-size\" data-max-width=\"100%\" data-max-width-mobile=\"default\" data-shadow=\"none\" data-animation=\"none\" >\n      <div class=\"inner\">\n        <div class=\"hover-wrap\" data-hover-animation=\"color-overlay\"> <div class=\"color-overlay\" style=\"background-color: #939393;\"><\/div>\n          <div class=\"hover-wrap-inner\">\n            <a href=\"\/en\/zubehor\/nature-nako\/\" target=\"_self\" class=\"\">\n              <img loading=\"lazy\" decoding=\"async\" class=\"img-with-animation skip-lazy\" data-delay=\"0\" height=\"403\" width=\"600\" data-animation=\"none\" src=\"https:\/\/bedterbeds.com\/wp-content\/uploads\/2024\/02\/Slika-1-11-600x403.jpg\" alt=\"Slika 1 11 scaled\" srcset=\"https:\/\/bedterbeds.com\/wp-content\/uploads\/2024\/02\/Slika-1-11-600x403.jpg 600w, https:\/\/bedterbeds.com\/wp-content\/uploads\/2024\/02\/Slika-1-11-900x604.jpg 900w, https:\/\/bedterbeds.com\/wp-content\/uploads\/2024\/02\/Slika-1-11-400x269.jpg 400w\" sizes=\"auto, (max-width: 600px) 100vw, 600px\" \/>\n            <\/a>\n          <\/div>\n        <\/div>\n      <\/div>\n      <\/div>\n<div class=\"wpb_text_column wpb_content_element\" >\n\t<div class=\"wpb_wrapper\">\n\t\t<h3>Nature Nako<\/h3>\n\t<\/div>\n<\/div>\n\n\n\n\n\t\t<\/div> \n\t<\/div>\n\t<\/div> \n\n\t<div  class=\"vc_col-sm-6 wpb_column column_container vc_column_container col child_column no-extra-padding inherit_tablet inherit_phone\"   data-padding-pos=\"all\" data-has-bg-color=\"false\" data-bg-color=\"\" data-bg-opacity=\"1\" data-animation=\"\" data-delay=\"0\" >\n\t\t<div class=\"vc_column-inner\" >\n\t\t<div class=\"wpb_wrapper\">\n\t\t\t<div class=\"img-with-aniamtion-wrap  custom-size\" data-max-width=\"100%\" data-max-width-mobile=\"default\" data-shadow=\"none\" data-animation=\"none\" >\n      <div class=\"inner\">\n        <div class=\"hover-wrap\" data-hover-animation=\"color-overlay\"> <div class=\"color-overlay\" style=\"background-color: #939393;\"><\/div>\n          <div class=\"hover-wrap-inner\">\n            <a href=\"\/en\/zubehor\/emily-ii-nako\/\" target=\"_self\" class=\"\">\n              <img loading=\"lazy\" decoding=\"async\" class=\"img-with-animation skip-lazy\" data-delay=\"0\" height=\"403\" width=\"600\" data-animation=\"none\" src=\"https:\/\/bedterbeds.com\/wp-content\/uploads\/2024\/02\/Slika-1-9-600x403.jpg\" alt=\"Slika 1 9 scaled\" srcset=\"https:\/\/bedterbeds.com\/wp-content\/uploads\/2024\/02\/Slika-1-9-600x403.jpg 600w, https:\/\/bedterbeds.com\/wp-content\/uploads\/2024\/02\/Slika-1-9-900x604.jpg 900w, https:\/\/bedterbeds.com\/wp-content\/uploads\/2024\/02\/Slika-1-9-400x269.jpg 400w\" sizes=\"auto, (max-width: 600px) 100vw, 600px\" \/>\n            <\/a>\n          <\/div>\n        <\/div>\n      <\/div>\n      <\/div>\n<div class=\"wpb_text_column wpb_content_element\" >\n\t<div class=\"wpb_wrapper\">\n\t\t<h3>Emily II Nako<\/h3>\n\t<\/div>\n<\/div>\n\n\n\n\n\t\t<\/div> \n\t<\/div>\n\t<\/div> \n<\/div><\/div><div id=\"fws_69eb9695c01e8\" data-midnight=\"\" data-column-margin=\"default\" class=\"wpb_row vc_row-fluid vc_row inner_row\"  style=\"\"><div class=\"row-bg-wrap\"> <div class=\"row-bg\" ><\/div> <\/div><div class=\"row_col_wrap_12_inner col span_12  left\">\n\t<div  class=\"vc_col-sm-6 wpb_column column_container vc_column_container col child_column no-extra-padding inherit_tablet inherit_phone\"   data-padding-pos=\"all\" data-has-bg-color=\"false\" data-bg-color=\"\" data-bg-opacity=\"1\" data-animation=\"\" data-delay=\"0\" >\n\t\t<div class=\"vc_column-inner\" >\n\t\t<div class=\"wpb_wrapper\">\n\t\t\t<div class=\"img-with-aniamtion-wrap  custom-size\" data-max-width=\"100%\" data-max-width-mobile=\"default\" data-shadow=\"none\" data-animation=\"none\" >\n      <div class=\"inner\">\n        <div class=\"hover-wrap\" data-hover-animation=\"color-overlay\"> <div class=\"color-overlay\" style=\"background-color: #939393;\"><\/div>\n          <div class=\"hover-wrap-inner\">\n            <a href=\"https:\/\/bedterbeds.com\/en\/zubehor\/trentino-bettbank\/\" target=\"_self\" class=\"\">\n              <img loading=\"lazy\" decoding=\"async\" class=\"img-with-animation skip-lazy\" data-delay=\"0\" height=\"403\" width=\"600\" data-animation=\"none\" src=\"https:\/\/bedterbeds.com\/wp-content\/uploads\/2024\/05\/Trentino-Bettbank-G237-F4-Isolated-L-600x403.jpg\" alt=\"Trentino Bettbank G237 F4 Isolated L scaled\" srcset=\"https:\/\/bedterbeds.com\/wp-content\/uploads\/2024\/05\/Trentino-Bettbank-G237-F4-Isolated-L-600x403.jpg 600w, https:\/\/bedterbeds.com\/wp-content\/uploads\/2024\/05\/Trentino-Bettbank-G237-F4-Isolated-L-900x604.jpg 900w, https:\/\/bedterbeds.com\/wp-content\/uploads\/2024\/05\/Trentino-Bettbank-G237-F4-Isolated-L-400x269.jpg 400w\" sizes=\"auto, (max-width: 600px) 100vw, 600px\" \/>\n            <\/a>\n          <\/div>\n        <\/div>\n      <\/div>\n      <\/div>\n<div class=\"wpb_text_column wpb_content_element\" >\n\t<div class=\"wpb_wrapper\">\n\t\t<h3>Trentino Bettbank.<\/h3>\n\t<\/div>\n<\/div>\n\n\n\n\n\t\t<\/div> \n\t<\/div>\n\t<\/div> \n\n\t<div  class=\"vc_col-sm-6 wpb_column column_container vc_column_container col child_column no-extra-padding inherit_tablet inherit_phone\"   data-padding-pos=\"all\" data-has-bg-color=\"false\" data-bg-color=\"\" data-bg-opacity=\"1\" data-animation=\"\" data-delay=\"0\" >\n\t\t<div class=\"vc_column-inner\" >\n\t\t<div class=\"wpb_wrapper\">\n\t\t\t<div class=\"img-with-aniamtion-wrap  custom-size\" data-max-width=\"100%\" data-max-width-mobile=\"default\" data-shadow=\"none\" data-animation=\"none\" >\n      <div class=\"inner\">\n        <div class=\"hover-wrap\" data-hover-animation=\"color-overlay\"> <div class=\"color-overlay\" style=\"background-color: #939393;\"><\/div>\n          <div class=\"hover-wrap-inner\">\n            <a href=\"https:\/\/bedterbeds.com\/en\/zubehor\/emily-i-bettbank\/\" target=\"_self\" class=\"\">\n              <img loading=\"lazy\" decoding=\"async\" class=\"img-with-animation skip-lazy\" data-delay=\"0\" height=\"403\" width=\"600\" data-animation=\"none\" src=\"https:\/\/bedterbeds.com\/wp-content\/uploads\/2024\/05\/Emily-D-Bettbank-A014-Isolated-R-1-600x403.jpg\" alt=\"Emily D Bettbank A014 Isolated R 1 scaled\" srcset=\"https:\/\/bedterbeds.com\/wp-content\/uploads\/2024\/05\/Emily-D-Bettbank-A014-Isolated-R-1-600x403.jpg 600w, https:\/\/bedterbeds.com\/wp-content\/uploads\/2024\/05\/Emily-D-Bettbank-A014-Isolated-R-1-900x604.jpg 900w, https:\/\/bedterbeds.com\/wp-content\/uploads\/2024\/05\/Emily-D-Bettbank-A014-Isolated-R-1-400x269.jpg 400w\" sizes=\"auto, (max-width: 600px) 100vw, 600px\" \/>\n            <\/a>\n          <\/div>\n        <\/div>\n      <\/div>\n      <\/div>\n<div class=\"wpb_text_column wpb_content_element\" >\n\t<div class=\"wpb_wrapper\">\n\t\t<h3>Emily I Bettbank.<\/h3>\n\t<\/div>\n<\/div>\n\n\n\n\n\t\t<\/div> \n\t<\/div>\n\t<\/div> \n<\/div><\/div><div id=\"fws_69eb9695c175d\" data-midnight=\"\" data-column-margin=\"default\" class=\"wpb_row vc_row-fluid vc_row inner_row\"  style=\"\"><div class=\"row-bg-wrap\"> <div class=\"row-bg\" ><\/div> <\/div><div class=\"row_col_wrap_12_inner col span_12  left\">\n\t<div  class=\"vc_col-sm-6 wpb_column column_container vc_column_container col child_column no-extra-padding inherit_tablet inherit_phone\"   data-padding-pos=\"all\" data-has-bg-color=\"false\" data-bg-color=\"\" data-bg-opacity=\"1\" data-animation=\"\" data-delay=\"0\" >\n\t\t<div class=\"vc_column-inner\" >\n\t\t<div class=\"wpb_wrapper\">\n\t\t\t<div class=\"img-with-aniamtion-wrap  custom-size\" data-max-width=\"100%\" data-max-width-mobile=\"default\" data-shadow=\"none\" data-animation=\"none\" >\n      <div class=\"inner\">\n        <div class=\"hover-wrap\" data-hover-animation=\"color-overlay\"> <div class=\"color-overlay\" style=\"background-color: #939393;\"><\/div>\n          <div class=\"hover-wrap-inner\">\n            <a href=\"\/en\/zubehor\/kissen\/\" target=\"_self\" class=\"\">\n              <img loading=\"lazy\" decoding=\"async\" class=\"img-with-animation skip-lazy\" data-delay=\"0\" height=\"403\" width=\"600\" data-animation=\"none\" src=\"https:\/\/bedterbeds.com\/wp-content\/uploads\/2024\/02\/Slika-1-10-600x403.jpg\" alt=\"Slika 1 10 scaled\" srcset=\"https:\/\/bedterbeds.com\/wp-content\/uploads\/2024\/02\/Slika-1-10-600x403.jpg 600w, https:\/\/bedterbeds.com\/wp-content\/uploads\/2024\/02\/Slika-1-10-900x604.jpg 900w, https:\/\/bedterbeds.com\/wp-content\/uploads\/2024\/02\/Slika-1-10-400x269.jpg 400w\" sizes=\"auto, (max-width: 600px) 100vw, 600px\" \/>\n            <\/a>\n          <\/div>\n        <\/div>\n      <\/div>\n      <\/div>\n<div class=\"wpb_text_column wpb_content_element\" >\n\t<div class=\"wpb_wrapper\">\n\t\t<h3>Kissen<\/h3>\n\t<\/div>\n<\/div>\n\n\n\n\n\t\t<\/div> \n\t<\/div>\n\t<\/div> \n<\/div><\/div>\n\t\t\t<\/div> \n\t\t<\/div> \n\t<\/div> \n\t\t\t<\/div> \n\t\t<\/div>\n\t<\/div> \n<\/div><\/div>","protected":false},"excerpt":{"rendered":"Zubeh\u00f6r Mit diesen praktischen Accessoires verleihst du deinem Schlafzimmer eine ganz pers\u00f6nliche Note. Und wenn es mal wieder Zeit f\u00fcr einen Tapetenwechsel wird, l\u00e4sst sich mit diesen Extras wunderbar umgestalten...","protected":false},"author":1,"featured_media":0,"parent":0,"menu_order":0,"comment_status":"closed","ping_status":"closed","template":"","meta":{"footnotes":""},"class_list":["post-423","page","type-page","status-publish"],"yoast_head":"<!-- This site is optimized with the Yoast SEO plugin v27.4 - https:\/\/yoast.com\/product\/yoast-seo-wordpress\/ -->\n<title>Zubeh\u00f6r - Bedterbeds<\/title>\n<meta name=\"description\" content=\"Zubeh\u00f6r. Mit diesen praktischen Accessoires verleihst du deinem Schlafzimmer eine ganz pers\u00f6nliche Note.\" \/>\n<meta name=\"robots\" content=\"index, follow, max-snippet:-1, max-image-preview:large, max-video-preview:-1\" \/>\n<link rel=\"canonical\" href=\"https:\/\/bedterbeds.com\/en\/zubehor\/\" \/>\n<meta property=\"og:locale\" content=\"en_US\" \/>\n<meta property=\"og:type\" content=\"article\" \/>\n<meta property=\"og:title\" content=\"Zubeh\u00f6r - Bedterbeds\" \/>\n<meta property=\"og:description\" content=\"Zubeh\u00f6r. Mit diesen praktischen Accessoires verleihst du deinem Schlafzimmer eine ganz pers\u00f6nliche Note.\" \/>\n<meta property=\"og:url\" content=\"https:\/\/bedterbeds.com\/en\/zubehor\/\" \/>\n<meta property=\"og:site_name\" content=\"Bedterbeds\" \/>\n<meta property=\"article:modified_time\" content=\"2024-11-29T07:15:37+00:00\" \/>\n<meta property=\"og:image\" content=\"https:\/\/bedterbeds.com\/wp-content\/uploads\/2024\/11\/bedter-beds-logo.webp\" \/>\n\t<meta property=\"og:image:width\" content=\"1036\" \/>\n\t<meta property=\"og:image:height\" content=\"727\" \/>\n\t<meta property=\"og:image:type\" content=\"image\/webp\" \/>\n<meta name=\"twitter:card\" content=\"summary_large_image\" \/>\n<meta name=\"twitter:label1\" content=\"Est. reading time\" \/>\n\t<meta name=\"twitter:data1\" content=\"4 minutes\" \/>\n<script type=\"application\/ld+json\" class=\"yoast-schema-graph\">{\"@context\":\"https:\\\/\\\/schema.org\",\"@graph\":[{\"@type\":\"WebPage\",\"@id\":\"https:\\\/\\\/bedterbeds.com\\\/zubehor\\\/\",\"url\":\"https:\\\/\\\/bedterbeds.com\\\/zubehor\\\/\",\"name\":\"Zubeh\u00f6r - Bedterbeds\",\"isPartOf\":{\"@id\":\"https:\\\/\\\/bedterbeds.com\\\/#website\"},\"datePublished\":\"2023-12-02T00:59:26+00:00\",\"dateModified\":\"2024-11-29T07:15:37+00:00\",\"description\":\"Zubeh\u00f6r. Mit diesen praktischen Accessoires verleihst du deinem Schlafzimmer eine ganz pers\u00f6nliche Note.\",\"breadcrumb\":{\"@id\":\"https:\\\/\\\/bedterbeds.com\\\/zubehor\\\/#breadcrumb\"},\"inLanguage\":\"en-US\",\"potentialAction\":[{\"@type\":\"ReadAction\",\"target\":[\"https:\\\/\\\/bedterbeds.com\\\/zubehor\\\/\"]}]},{\"@type\":\"BreadcrumbList\",\"@id\":\"https:\\\/\\\/bedterbeds.com\\\/zubehor\\\/#breadcrumb\",\"itemListElement\":[{\"@type\":\"ListItem\",\"position\":1,\"name\":\"Home\",\"item\":\"https:\\\/\\\/bedterbeds.com\\\/\"},{\"@type\":\"ListItem\",\"position\":2,\"name\":\"Zubeh\u00f6r\"}]},{\"@type\":\"WebSite\",\"@id\":\"https:\\\/\\\/bedterbeds.com\\\/#website\",\"url\":\"https:\\\/\\\/bedterbeds.com\\\/\",\"name\":\"Bedterbeds\",\"description\":\"Schlaferlebnisse der Extraklasse!\",\"publisher\":{\"@id\":\"https:\\\/\\\/bedterbeds.com\\\/#organization\"},\"potentialAction\":[{\"@type\":\"SearchAction\",\"target\":{\"@type\":\"EntryPoint\",\"urlTemplate\":\"https:\\\/\\\/bedterbeds.com\\\/?s={search_term_string}\"},\"query-input\":{\"@type\":\"PropertyValueSpecification\",\"valueRequired\":true,\"valueName\":\"search_term_string\"}}],\"inLanguage\":\"en-US\"},{\"@type\":\"Organization\",\"@id\":\"https:\\\/\\\/bedterbeds.com\\\/#organization\",\"name\":\"Bedterbeds\",\"url\":\"https:\\\/\\\/bedterbeds.com\\\/\",\"logo\":{\"@type\":\"ImageObject\",\"inLanguage\":\"en-US\",\"@id\":\"https:\\\/\\\/bedterbeds.com\\\/#\\\/schema\\\/logo\\\/image\\\/\",\"url\":\"https:\\\/\\\/bedterbeds.com\\\/wp-content\\\/uploads\\\/2024\\\/11\\\/bedter-beds-logo.webp\",\"contentUrl\":\"https:\\\/\\\/bedterbeds.com\\\/wp-content\\\/uploads\\\/2024\\\/11\\\/bedter-beds-logo.webp\",\"width\":1036,\"height\":727,\"caption\":\"Bedterbeds\"},\"image\":{\"@id\":\"https:\\\/\\\/bedterbeds.com\\\/#\\\/schema\\\/logo\\\/image\\\/\"}}]}<\/script>\n<!-- \/ Yoast SEO plugin. -->","yoast_head_json":{"title":"Zubeh\u00f6r - Bedterbeds","description":"Zubeh\u00f6r. Mit diesen praktischen Accessoires verleihst du deinem Schlafzimmer eine ganz pers\u00f6nliche Note.","robots":{"index":"index","follow":"follow","max-snippet":"max-snippet:-1","max-image-preview":"max-image-preview:large","max-video-preview":"max-video-preview:-1"},"canonical":"https:\/\/bedterbeds.com\/en\/zubehor\/","og_locale":"en_US","og_type":"article","og_title":"Zubeh\u00f6r - Bedterbeds","og_description":"Zubeh\u00f6r. Mit diesen praktischen Accessoires verleihst du deinem Schlafzimmer eine ganz pers\u00f6nliche Note.","og_url":"https:\/\/bedterbeds.com\/en\/zubehor\/","og_site_name":"Bedterbeds","article_modified_time":"2024-11-29T07:15:37+00:00","og_image":[{"width":1036,"height":727,"url":"https:\/\/bedterbeds.com\/wp-content\/uploads\/2024\/11\/bedter-beds-logo.webp","type":"image\/webp"}],"twitter_card":"summary_large_image","twitter_misc":{"Est. reading time":"4 minutes"},"schema":{"@context":"https:\/\/schema.org","@graph":[{"@type":"WebPage","@id":"https:\/\/bedterbeds.com\/zubehor\/","url":"https:\/\/bedterbeds.com\/zubehor\/","name":"Zubeh\u00f6r - Bedterbeds","isPartOf":{"@id":"https:\/\/bedterbeds.com\/#website"},"datePublished":"2023-12-02T00:59:26+00:00","dateModified":"2024-11-29T07:15:37+00:00","description":"Zubeh\u00f6r. Mit diesen praktischen Accessoires verleihst du deinem Schlafzimmer eine ganz pers\u00f6nliche Note.","breadcrumb":{"@id":"https:\/\/bedterbeds.com\/zubehor\/#breadcrumb"},"inLanguage":"en-US","potentialAction":[{"@type":"ReadAction","target":["https:\/\/bedterbeds.com\/zubehor\/"]}]},{"@type":"BreadcrumbList","@id":"https:\/\/bedterbeds.com\/zubehor\/#breadcrumb","itemListElement":[{"@type":"ListItem","position":1,"name":"Home","item":"https:\/\/bedterbeds.com\/"},{"@type":"ListItem","position":2,"name":"Zubeh\u00f6r"}]},{"@type":"WebSite","@id":"https:\/\/bedterbeds.com\/#website","url":"https:\/\/bedterbeds.com\/","name":"Bedterbeds","description":"Schlaferlebnisse der Extraklasse!","publisher":{"@id":"https:\/\/bedterbeds.com\/#organization"},"potentialAction":[{"@type":"SearchAction","target":{"@type":"EntryPoint","urlTemplate":"https:\/\/bedterbeds.com\/?s={search_term_string}"},"query-input":{"@type":"PropertyValueSpecification","valueRequired":true,"valueName":"search_term_string"}}],"inLanguage":"en-US"},{"@type":"Organization","@id":"https:\/\/bedterbeds.com\/#organization","name":"Bedterbeds","url":"https:\/\/bedterbeds.com\/","logo":{"@type":"ImageObject","inLanguage":"en-US","@id":"https:\/\/bedterbeds.com\/#\/schema\/logo\/image\/","url":"https:\/\/bedterbeds.com\/wp-content\/uploads\/2024\/11\/bedter-beds-logo.webp","contentUrl":"https:\/\/bedterbeds.com\/wp-content\/uploads\/2024\/11\/bedter-beds-logo.webp","width":1036,"height":727,"caption":"Bedterbeds"},"image":{"@id":"https:\/\/bedterbeds.com\/#\/schema\/logo\/image\/"}}]}},"_links":{"self":[{"href":"https:\/\/bedterbeds.com\/en\/wp-json\/wp\/v2\/pages\/423","targetHints":{"allow":["GET"]}}],"collection":[{"href":"https:\/\/bedterbeds.com\/en\/wp-json\/wp\/v2\/pages"}],"about":[{"href":"https:\/\/bedterbeds.com\/en\/wp-json\/wp\/v2\/types\/page"}],"author":[{"embeddable":true,"href":"https:\/\/bedterbeds.com\/en\/wp-json\/wp\/v2\/users\/1"}],"replies":[{"embeddable":true,"href":"https:\/\/bedterbeds.com\/en\/wp-json\/wp\/v2\/comments?post=423"}],"version-history":[{"count":19,"href":"https:\/\/bedterbeds.com\/en\/wp-json\/wp\/v2\/pages\/423\/revisions"}],"predecessor-version":[{"id":2156,"href":"https:\/\/bedterbeds.com\/en\/wp-json\/wp\/v2\/pages\/423\/revisions\/2156"}],"wp:attachment":[{"href":"https:\/\/bedterbeds.com\/en\/wp-json\/wp\/v2\/media?parent=423"}],"curies":[{"name":"wp","href":"https:\/\/api.w.org\/{rel}","templated":true}]}}