{"id":719,"date":"2024-01-09T07:02:36","date_gmt":"2024-01-09T07:02:36","guid":{"rendered":"https:\/\/bedterbeds.com\/?page_id=719"},"modified":"2024-01-09T07:02:36","modified_gmt":"2024-01-09T07:02:36","slug":"polster-betten","status":"publish","type":"page","link":"https:\/\/bedterbeds.com\/en\/polster-betten\/","title":{"rendered":"Polster-Betten"},"content":{"rendered":"<div id=\"fws_69f508240a718\"  data-column-margin=\"default\" data-midnight=\"dark\" data-top-percent=\"0%\" data-bottom-percent=\"6%\"  class=\"wpb_row vc_row-fluid vc_row full-width-section  bottom_margin_80px right_padding_4pct left_padding_4pct top_padding_tablet_8pct bottom_padding_tablet_8pct right_padding_phone_15px left_padding_phone_15px\"  style=\"padding-top: calc(100vw * 0.00); padding-bottom: calc(100vw * 0.06); \"><div class=\"row-bg-wrap\" data-bg-animation=\"none\" data-bg-animation-delay=\"\" data-bg-overlay=\"false\"><div class=\"inner-wrap row-bg-layer\" ><div class=\"row-bg viewport-desktop using-bg-color\"  style=\"background-color: #ffffff; \"><\/div><\/div><\/div><div class=\"row_col_wrap_12 col span_12 dark left\">\n\t<div  class=\"vc_col-sm-12 wpb_column column_container vc_column_container col no-extra-padding inherit_tablet inherit_phone\"  data-padding-pos=\"all\" data-has-bg-color=\"false\" data-bg-color=\"\" data-bg-opacity=\"1\" data-animation=\"\" data-delay=\"0\" >\n\t\t<div class=\"vc_column-inner\" >\n\t\t\t<div class=\"wpb_wrapper\">\n\t\t\t\t<div id=\"fws_69f508240c27b\" data-midnight=\"\" data-column-margin=\"90px\" class=\"wpb_row vc_row-fluid vc_row inner_row vc_row-o-equal-height vc_row-flex vc_row-o-content-middle reverse_columns_column_tablet reverse_columns_column_phone\"  style=\"\"><div class=\"row-bg-wrap\"> <div class=\"row-bg\" ><\/div> <\/div><div class=\"row_col_wrap_12_inner col span_12  left\">\n\t<div style=\"margin-top: 6%; \" class=\"vc_col-sm-12 wpb_column column_container vc_column_container col child_column centered-text padding-4-percent top_margin_tablet_0px top_margin_phone_4pct inherit_tablet no-extra-padding_phone\"   data-padding-pos=\"all\" data-has-bg-color=\"false\" data-bg-color=\"\" data-bg-opacity=\"1\" data-animation=\"\" data-delay=\"0\" >\n\t\t<div class=\"vc_column-inner\" >\n\t\t<div class=\"wpb_wrapper\">\n\t\t\t<div class=\"nectar-split-heading  font_size_35px\" data-align=\"default\" data-m-align=\"inherit\" data-text-effect=\"default\" data-animation-type=\"line-reveal-by-space\" data-animation-delay=\"0\" data-animation-offset=\"\" data-m-rm-animation=\"\" data-stagger=\"true\" data-custom-font-size=\"true\" style=\"font-size: 35px; line-height: 37.8px;\"><h2 style=\"max-width: 550px;\">Polster-Betten<\/h2><\/div>\n<div class=\"wpb_text_column wpb_content_element\" style=\" max-width: 600px; display: inline-block;\">\n\t<div class=\"wpb_wrapper\">\n\t\t<p>Designer Sofas f\u00fcr das eigene Zuhause. Entscheiden Sie sich f\u00fcr ein Designer-Sofa von designwerk. So bekommen Sie Optik und Komfort vom Feinsten. Viele Kombinationen aber auch eine grosse Auswahl an Stoffen und Ledern bieten Spielraum f\u00fcr eigene Individualit\u00e4t. F\u00fcr jeden Lebensstil und Geschmack ist das richtige dabei. Erstklassiges Wohnen ist sicher. Leben Sie modern und zeitlos elegant mit designwerk.<\/p>\n\t<\/div>\n<\/div>\n\n\n\n\n\t\t<\/div> \n\t<\/div>\n\t<\/div> \n<\/div><\/div><div id=\"fws_69f508240d26c\" data-midnight=\"\" data-column-margin=\"default\" class=\"wpb_row vc_row-fluid vc_row inner_row\"  style=\"\"><div class=\"row-bg-wrap\"> <div class=\"row-bg\" ><\/div> <\/div><div class=\"row_col_wrap_12_inner col span_12  left\">\n\t<div  class=\"vc_col-sm-6 wpb_column column_container vc_column_container col child_column no-extra-padding inherit_tablet inherit_phone\"   data-padding-pos=\"all\" data-has-bg-color=\"false\" data-bg-color=\"\" data-bg-opacity=\"1\" data-animation=\"\" data-delay=\"0\" >\n\t\t<div class=\"vc_column-inner\" >\n\t\t<div class=\"wpb_wrapper\">\n\t\t\t<div class=\"img-with-aniamtion-wrap\" data-max-width=\"100%\" data-max-width-mobile=\"default\" data-shadow=\"none\" data-animation=\"none\" >\n      <div class=\"inner\">\n        <div class=\"hover-wrap\" data-hover-animation=\"color-overlay\"> <div class=\"color-overlay\" style=\"background-color: #939393;\"><\/div>\n          <div class=\"hover-wrap-inner\">\n            <a href=\"\/en\/boxspringbetten\/bull-bxb\/\" target=\"_self\" class=\"\">\n              <img loading=\"lazy\" decoding=\"async\" class=\"img-with-animation skip-lazy\" data-delay=\"0\" height=\"1609\" width=\"2560\" data-animation=\"none\" src=\"https:\/\/bedterbeds.com\/wp-content\/uploads\/2023\/12\/Bull-BXB-F461-NT-TOPr-Isolated-L-scaled.jpg\" alt=\"Bull BXB F461 NT TOPr Isolated L scaled\" srcset=\"https:\/\/bedterbeds.com\/wp-content\/uploads\/2023\/12\/Bull-BXB-F461-NT-TOPr-Isolated-L-scaled.jpg 2560w, https:\/\/bedterbeds.com\/wp-content\/uploads\/2023\/12\/Bull-BXB-F461-NT-TOPr-Isolated-L-300x189.jpg 300w, https:\/\/bedterbeds.com\/wp-content\/uploads\/2023\/12\/Bull-BXB-F461-NT-TOPr-Isolated-L-1024x644.jpg 1024w, https:\/\/bedterbeds.com\/wp-content\/uploads\/2023\/12\/Bull-BXB-F461-NT-TOPr-Isolated-L-768x483.jpg 768w, https:\/\/bedterbeds.com\/wp-content\/uploads\/2023\/12\/Bull-BXB-F461-NT-TOPr-Isolated-L-1536x965.jpg 1536w, https:\/\/bedterbeds.com\/wp-content\/uploads\/2023\/12\/Bull-BXB-F461-NT-TOPr-Isolated-L-2048x1287.jpg 2048w\" sizes=\"auto, (max-width: 2560px) 100vw, 2560px\" \/>\n            <\/a>\n          <\/div>\n        <\/div>\n      <\/div>\n      <\/div>\n<div class=\"wpb_text_column wpb_content_element\" >\n\t<div class=\"wpb_wrapper\">\n\t\t<h3>Cube II<\/h3>\n\t<\/div>\n<\/div>\n\n\n\n\n\t\t<\/div> \n\t<\/div>\n\t<\/div> \n\n\t<div  class=\"vc_col-sm-6 wpb_column column_container vc_column_container col child_column no-extra-padding inherit_tablet inherit_phone\"   data-padding-pos=\"all\" data-has-bg-color=\"false\" data-bg-color=\"\" data-bg-opacity=\"1\" data-animation=\"\" data-delay=\"0\" >\n\t\t<div class=\"vc_column-inner\" >\n\t\t<div class=\"wpb_wrapper\">\n\t\t\t<div class=\"img-with-aniamtion-wrap\" data-max-width=\"100%\" data-max-width-mobile=\"default\" data-shadow=\"none\" data-animation=\"none\" >\n      <div class=\"inner\">\n        <div class=\"hover-wrap\" data-hover-animation=\"color-overlay\"> <div class=\"color-overlay\" style=\"background-color: #939393;\"><\/div>\n          <div class=\"hover-wrap-inner\">\n            <a href=\"\/en\/boxspringbetten\/menorca-ii-bxb\/\" target=\"_self\" class=\"\">\n              <img loading=\"lazy\" decoding=\"async\" class=\"img-with-animation skip-lazy\" data-delay=\"0\" height=\"1609\" width=\"2560\" data-animation=\"none\" src=\"https:\/\/bedterbeds.com\/wp-content\/uploads\/2023\/12\/Menorca-BXB-F452-Isolated-L-scaled.jpg\" alt=\"Menorca BXB F452 Isolated L scaled\" srcset=\"https:\/\/bedterbeds.com\/wp-content\/uploads\/2023\/12\/Menorca-BXB-F452-Isolated-L-scaled.jpg 2560w, https:\/\/bedterbeds.com\/wp-content\/uploads\/2023\/12\/Menorca-BXB-F452-Isolated-L-300x189.jpg 300w, https:\/\/bedterbeds.com\/wp-content\/uploads\/2023\/12\/Menorca-BXB-F452-Isolated-L-1024x644.jpg 1024w, https:\/\/bedterbeds.com\/wp-content\/uploads\/2023\/12\/Menorca-BXB-F452-Isolated-L-768x483.jpg 768w, https:\/\/bedterbeds.com\/wp-content\/uploads\/2023\/12\/Menorca-BXB-F452-Isolated-L-1536x965.jpg 1536w, https:\/\/bedterbeds.com\/wp-content\/uploads\/2023\/12\/Menorca-BXB-F452-Isolated-L-2048x1287.jpg 2048w\" sizes=\"auto, (max-width: 2560px) 100vw, 2560px\" \/>\n            <\/a>\n          <\/div>\n        <\/div>\n      <\/div>\n      <\/div>\n<div class=\"wpb_text_column wpb_content_element\" >\n\t<div class=\"wpb_wrapper\">\n\t\t<h3>Downtown<\/h3>\n\t<\/div>\n<\/div>\n\n\n\n\n\t\t<\/div> \n\t<\/div>\n\t<\/div> \n<\/div><\/div><div id=\"fws_69f508240e8e2\" data-midnight=\"\" data-column-margin=\"default\" class=\"wpb_row vc_row-fluid vc_row inner_row\"  style=\"\"><div class=\"row-bg-wrap\"> <div class=\"row-bg\" ><\/div> <\/div><div class=\"row_col_wrap_12_inner col span_12  left\">\n\t<div  class=\"vc_col-sm-6 wpb_column column_container vc_column_container col child_column no-extra-padding inherit_tablet inherit_phone\"   data-padding-pos=\"all\" data-has-bg-color=\"false\" data-bg-color=\"\" data-bg-opacity=\"1\" data-animation=\"\" data-delay=\"0\" >\n\t\t<div class=\"vc_column-inner\" >\n\t\t<div class=\"wpb_wrapper\">\n\t\t\t<div class=\"img-with-aniamtion-wrap\" data-max-width=\"100%\" data-max-width-mobile=\"default\" data-shadow=\"none\" data-animation=\"none\" >\n      <div class=\"inner\">\n        <div class=\"hover-wrap\" data-hover-animation=\"color-overlay\"> <div class=\"color-overlay\" style=\"background-color: #939393;\"><\/div>\n          <div class=\"hover-wrap-inner\">\n            <a href=\"\/en\/boxspringbetten\/moneta-bxb\/\" target=\"_self\" class=\"\">\n              <img loading=\"lazy\" decoding=\"async\" class=\"img-with-animation skip-lazy\" data-delay=\"0\" height=\"1920\" width=\"2560\" data-animation=\"none\" src=\"https:\/\/bedterbeds.com\/wp-content\/uploads\/2023\/12\/Moneta_BostonEspressoF010-scaled.jpg\" alt=\"Moneta BostonEspressoF010 scaled\" srcset=\"https:\/\/bedterbeds.com\/wp-content\/uploads\/2023\/12\/Moneta_BostonEspressoF010-scaled.jpg 2560w, https:\/\/bedterbeds.com\/wp-content\/uploads\/2023\/12\/Moneta_BostonEspressoF010-300x225.jpg 300w, https:\/\/bedterbeds.com\/wp-content\/uploads\/2023\/12\/Moneta_BostonEspressoF010-1024x768.jpg 1024w, https:\/\/bedterbeds.com\/wp-content\/uploads\/2023\/12\/Moneta_BostonEspressoF010-768x576.jpg 768w, https:\/\/bedterbeds.com\/wp-content\/uploads\/2023\/12\/Moneta_BostonEspressoF010-1536x1152.jpg 1536w, https:\/\/bedterbeds.com\/wp-content\/uploads\/2023\/12\/Moneta_BostonEspressoF010-2048x1536.jpg 2048w\" sizes=\"auto, (max-width: 2560px) 100vw, 2560px\" \/>\n            <\/a>\n          <\/div>\n        <\/div>\n      <\/div>\n      <\/div>\n<div class=\"wpb_text_column wpb_content_element\" >\n\t<div class=\"wpb_wrapper\">\n\t\t<h3>Isla III<\/h3>\n\t<\/div>\n<\/div>\n\n\n\n\n\t\t<\/div> \n\t<\/div>\n\t<\/div> \n\n\t<div  class=\"vc_col-sm-6 wpb_column column_container vc_column_container col child_column no-extra-padding inherit_tablet inherit_phone\"   data-padding-pos=\"all\" data-has-bg-color=\"false\" data-bg-color=\"\" data-bg-opacity=\"1\" data-animation=\"\" data-delay=\"0\" >\n\t\t<div class=\"vc_column-inner\" >\n\t\t<div class=\"wpb_wrapper\">\n\t\t\t<div class=\"img-with-aniamtion-wrap\" data-max-width=\"100%\" data-max-width-mobile=\"default\" data-shadow=\"none\" data-animation=\"none\" >\n      <div class=\"inner\">\n        <div class=\"hover-wrap\" data-hover-animation=\"color-overlay\"> <div class=\"color-overlay\" style=\"background-color: #939393;\"><\/div>\n          <div class=\"hover-wrap-inner\">\n            <a href=\"#\" target=\"_self\" class=\"\">\n              <img loading=\"lazy\" decoding=\"async\" class=\"img-with-animation skip-lazy\" data-delay=\"0\" height=\"600\" width=\"900\" data-animation=\"none\" src=\"https:\/\/bedterbeds.com\/wp-content\/uploads\/2023\/12\/Portfolio-Cielo-Megasofa-frontal.jpg\" alt=\"Portfolio Cielo Megasofa frontal\" srcset=\"https:\/\/bedterbeds.com\/wp-content\/uploads\/2023\/12\/Portfolio-Cielo-Megasofa-frontal.jpg 900w, https:\/\/bedterbeds.com\/wp-content\/uploads\/2023\/12\/Portfolio-Cielo-Megasofa-frontal-300x200.jpg 300w, https:\/\/bedterbeds.com\/wp-content\/uploads\/2023\/12\/Portfolio-Cielo-Megasofa-frontal-768x512.jpg 768w\" sizes=\"auto, (max-width: 900px) 100vw, 900px\" \/>\n            <\/a>\n          <\/div>\n        <\/div>\n      <\/div>\n      <\/div>\n<div class=\"wpb_text_column wpb_content_element\" >\n\t<div class=\"wpb_wrapper\">\n\t\t<h3>Mariella III<\/h3>\n\t<\/div>\n<\/div>\n\n\n\n\n\t\t<\/div> \n\t<\/div>\n\t<\/div> \n<\/div><\/div><div id=\"fws_69f508240f723\" data-midnight=\"\" data-column-margin=\"default\" class=\"wpb_row vc_row-fluid vc_row inner_row\"  style=\"\"><div class=\"row-bg-wrap\"> <div class=\"row-bg\" ><\/div> <\/div><div class=\"row_col_wrap_12_inner col span_12  left\">\n\t<div  class=\"vc_col-sm-6 wpb_column column_container vc_column_container col child_column no-extra-padding inherit_tablet inherit_phone\"   data-padding-pos=\"all\" data-has-bg-color=\"false\" data-bg-color=\"\" data-bg-opacity=\"1\" data-animation=\"\" data-delay=\"0\" >\n\t\t<div class=\"vc_column-inner\" >\n\t\t<div class=\"wpb_wrapper\">\n\t\t\t<div class=\"img-with-aniamtion-wrap\" data-max-width=\"100%\" data-max-width-mobile=\"default\" data-shadow=\"none\" data-animation=\"none\" >\n      <div class=\"inner\">\n        <div class=\"hover-wrap\" data-hover-animation=\"color-overlay\"> <div class=\"color-overlay\" style=\"background-color: #939393;\"><\/div>\n          <div class=\"hover-wrap-inner\">\n            <a href=\"#\" target=\"_self\" class=\"\">\n              <img loading=\"lazy\" decoding=\"async\" class=\"img-with-animation skip-lazy\" data-delay=\"0\" height=\"600\" width=\"900\" data-animation=\"none\" src=\"https:\/\/bedterbeds.com\/wp-content\/uploads\/2023\/12\/Portfolio-Faber-2-1.jpg\" alt=\"Portfolio Faber 2 1\" srcset=\"https:\/\/bedterbeds.com\/wp-content\/uploads\/2023\/12\/Portfolio-Faber-2-1.jpg 900w, https:\/\/bedterbeds.com\/wp-content\/uploads\/2023\/12\/Portfolio-Faber-2-1-300x200.jpg 300w, https:\/\/bedterbeds.com\/wp-content\/uploads\/2023\/12\/Portfolio-Faber-2-1-768x512.jpg 768w\" sizes=\"auto, (max-width: 900px) 100vw, 900px\" \/>\n            <\/a>\n          <\/div>\n        <\/div>\n      <\/div>\n      <\/div>\n<div class=\"wpb_text_column wpb_content_element\" >\n\t<div class=\"wpb_wrapper\">\n\t\t<h3>Naya I<\/h3>\n\t<\/div>\n<\/div>\n\n\n\n\n\t\t<\/div> \n\t<\/div>\n\t<\/div> \n\n\t<div  class=\"vc_col-sm-6 wpb_column column_container vc_column_container col child_column no-extra-padding inherit_tablet inherit_phone\"   data-padding-pos=\"all\" data-has-bg-color=\"false\" data-bg-color=\"\" data-bg-opacity=\"1\" data-animation=\"\" data-delay=\"0\" >\n\t\t<div class=\"vc_column-inner\" >\n\t\t<div class=\"wpb_wrapper\">\n\t\t\t<div class=\"img-with-aniamtion-wrap\" data-max-width=\"100%\" data-max-width-mobile=\"default\" data-shadow=\"none\" data-animation=\"none\" >\n      <div class=\"inner\">\n        <div class=\"hover-wrap\" data-hover-animation=\"color-overlay\"> <div class=\"color-overlay\" style=\"background-color: #939393;\"><\/div>\n          <div class=\"hover-wrap-inner\">\n            <a href=\"#\" target=\"_self\" class=\"\">\n              <img loading=\"lazy\" decoding=\"async\" class=\"img-with-animation skip-lazy\" data-delay=\"0\" height=\"600\" width=\"900\" data-animation=\"none\" src=\"https:\/\/bedterbeds.com\/wp-content\/uploads\/2023\/12\/Portfolio-Forma-2-frontal.jpg\" alt=\"Portfolio Forma 2 frontal\" srcset=\"https:\/\/bedterbeds.com\/wp-content\/uploads\/2023\/12\/Portfolio-Forma-2-frontal.jpg 900w, https:\/\/bedterbeds.com\/wp-content\/uploads\/2023\/12\/Portfolio-Forma-2-frontal-300x200.jpg 300w, https:\/\/bedterbeds.com\/wp-content\/uploads\/2023\/12\/Portfolio-Forma-2-frontal-768x512.jpg 768w\" sizes=\"auto, (max-width: 900px) 100vw, 900px\" \/>\n            <\/a>\n          <\/div>\n        <\/div>\n      <\/div>\n      <\/div>\n<div class=\"wpb_text_column wpb_content_element\" >\n\t<div class=\"wpb_wrapper\">\n\t\t<h3>Toscana I-III System<\/h3>\n\t<\/div>\n<\/div>\n\n\n\n\n\t\t<\/div> \n\t<\/div>\n\t<\/div> \n<\/div><\/div>\n\t\t\t<\/div> \n\t\t<\/div>\n\t<\/div> \n<\/div><\/div>","protected":false},"excerpt":{"rendered":"Polster-Betten Designer Sofas f\u00fcr das eigene Zuhause. Entscheiden Sie sich f\u00fcr ein Designer-Sofa von designwerk. So bekommen Sie Optik und Komfort vom Feinsten. Viele Kombinationen aber auch eine grosse Auswahl...","protected":false},"author":1,"featured_media":0,"parent":0,"menu_order":0,"comment_status":"closed","ping_status":"closed","template":"","meta":{"footnotes":""},"class_list":["post-719","page","type-page","status-publish"],"yoast_head":"<!-- This site is optimized with the Yoast SEO plugin v27.5 - https:\/\/yoast.com\/product\/yoast-seo-wordpress\/ -->\n<title>Polster-Betten - Bedterbeds<\/title>\n<meta name=\"robots\" content=\"index, follow, max-snippet:-1, max-image-preview:large, max-video-preview:-1\" \/>\n<link rel=\"canonical\" href=\"https:\/\/bedterbeds.com\/en\/polster-betten\/\" \/>\n<meta property=\"og:locale\" content=\"en_US\" \/>\n<meta property=\"og:type\" content=\"article\" \/>\n<meta property=\"og:title\" content=\"Polster-Betten - Bedterbeds\" \/>\n<meta property=\"og:url\" content=\"https:\/\/bedterbeds.com\/en\/polster-betten\/\" \/>\n<meta property=\"og:site_name\" content=\"Bedterbeds\" \/>\n<meta property=\"og:image\" content=\"https:\/\/bedterbeds.com\/wp-content\/uploads\/2024\/11\/bedter-beds-logo.webp\" \/>\n\t<meta property=\"og:image:width\" content=\"1036\" \/>\n\t<meta property=\"og:image:height\" content=\"727\" \/>\n\t<meta property=\"og:image:type\" content=\"image\/webp\" \/>\n<meta name=\"twitter:card\" content=\"summary_large_image\" \/>\n<meta name=\"twitter:label1\" content=\"Est. reading time\" \/>\n\t<meta name=\"twitter:data1\" content=\"8 minutes\" \/>\n<script type=\"application\/ld+json\" class=\"yoast-schema-graph\">{\"@context\":\"https:\\\/\\\/schema.org\",\"@graph\":[{\"@type\":\"WebPage\",\"@id\":\"https:\\\/\\\/bedterbeds.com\\\/polster-betten\\\/\",\"url\":\"https:\\\/\\\/bedterbeds.com\\\/polster-betten\\\/\",\"name\":\"Polster-Betten - Bedterbeds\",\"isPartOf\":{\"@id\":\"https:\\\/\\\/bedterbeds.com\\\/#website\"},\"datePublished\":\"2024-01-09T07:02:36+00:00\",\"breadcrumb\":{\"@id\":\"https:\\\/\\\/bedterbeds.com\\\/polster-betten\\\/#breadcrumb\"},\"inLanguage\":\"en-US\",\"potentialAction\":[{\"@type\":\"ReadAction\",\"target\":[\"https:\\\/\\\/bedterbeds.com\\\/polster-betten\\\/\"]}]},{\"@type\":\"BreadcrumbList\",\"@id\":\"https:\\\/\\\/bedterbeds.com\\\/polster-betten\\\/#breadcrumb\",\"itemListElement\":[{\"@type\":\"ListItem\",\"position\":1,\"name\":\"Home\",\"item\":\"https:\\\/\\\/bedterbeds.com\\\/\"},{\"@type\":\"ListItem\",\"position\":2,\"name\":\"Polster-Betten\"}]},{\"@type\":\"WebSite\",\"@id\":\"https:\\\/\\\/bedterbeds.com\\\/#website\",\"url\":\"https:\\\/\\\/bedterbeds.com\\\/\",\"name\":\"Bedterbeds\",\"description\":\"Schlaferlebnisse der Extraklasse!\",\"publisher\":{\"@id\":\"https:\\\/\\\/bedterbeds.com\\\/#organization\"},\"potentialAction\":[{\"@type\":\"SearchAction\",\"target\":{\"@type\":\"EntryPoint\",\"urlTemplate\":\"https:\\\/\\\/bedterbeds.com\\\/?s={search_term_string}\"},\"query-input\":{\"@type\":\"PropertyValueSpecification\",\"valueRequired\":true,\"valueName\":\"search_term_string\"}}],\"inLanguage\":\"en-US\"},{\"@type\":\"Organization\",\"@id\":\"https:\\\/\\\/bedterbeds.com\\\/#organization\",\"name\":\"Bedterbeds\",\"url\":\"https:\\\/\\\/bedterbeds.com\\\/\",\"logo\":{\"@type\":\"ImageObject\",\"inLanguage\":\"en-US\",\"@id\":\"https:\\\/\\\/bedterbeds.com\\\/#\\\/schema\\\/logo\\\/image\\\/\",\"url\":\"https:\\\/\\\/bedterbeds.com\\\/wp-content\\\/uploads\\\/2024\\\/11\\\/bedter-beds-logo.webp\",\"contentUrl\":\"https:\\\/\\\/bedterbeds.com\\\/wp-content\\\/uploads\\\/2024\\\/11\\\/bedter-beds-logo.webp\",\"width\":1036,\"height\":727,\"caption\":\"Bedterbeds\"},\"image\":{\"@id\":\"https:\\\/\\\/bedterbeds.com\\\/#\\\/schema\\\/logo\\\/image\\\/\"}}]}<\/script>\n<!-- \/ Yoast SEO plugin. -->","yoast_head_json":{"title":"Polster-Betten - Bedterbeds","robots":{"index":"index","follow":"follow","max-snippet":"max-snippet:-1","max-image-preview":"max-image-preview:large","max-video-preview":"max-video-preview:-1"},"canonical":"https:\/\/bedterbeds.com\/en\/polster-betten\/","og_locale":"en_US","og_type":"article","og_title":"Polster-Betten - Bedterbeds","og_url":"https:\/\/bedterbeds.com\/en\/polster-betten\/","og_site_name":"Bedterbeds","og_image":[{"width":1036,"height":727,"url":"https:\/\/bedterbeds.com\/wp-content\/uploads\/2024\/11\/bedter-beds-logo.webp","type":"image\/webp"}],"twitter_card":"summary_large_image","twitter_misc":{"Est. reading time":"8 minutes"},"schema":{"@context":"https:\/\/schema.org","@graph":[{"@type":"WebPage","@id":"https:\/\/bedterbeds.com\/polster-betten\/","url":"https:\/\/bedterbeds.com\/polster-betten\/","name":"Polster-Betten - Bedterbeds","isPartOf":{"@id":"https:\/\/bedterbeds.com\/#website"},"datePublished":"2024-01-09T07:02:36+00:00","breadcrumb":{"@id":"https:\/\/bedterbeds.com\/polster-betten\/#breadcrumb"},"inLanguage":"en-US","potentialAction":[{"@type":"ReadAction","target":["https:\/\/bedterbeds.com\/polster-betten\/"]}]},{"@type":"BreadcrumbList","@id":"https:\/\/bedterbeds.com\/polster-betten\/#breadcrumb","itemListElement":[{"@type":"ListItem","position":1,"name":"Home","item":"https:\/\/bedterbeds.com\/"},{"@type":"ListItem","position":2,"name":"Polster-Betten"}]},{"@type":"WebSite","@id":"https:\/\/bedterbeds.com\/#website","url":"https:\/\/bedterbeds.com\/","name":"Bedterbeds","description":"Schlaferlebnisse der Extraklasse!","publisher":{"@id":"https:\/\/bedterbeds.com\/#organization"},"potentialAction":[{"@type":"SearchAction","target":{"@type":"EntryPoint","urlTemplate":"https:\/\/bedterbeds.com\/?s={search_term_string}"},"query-input":{"@type":"PropertyValueSpecification","valueRequired":true,"valueName":"search_term_string"}}],"inLanguage":"en-US"},{"@type":"Organization","@id":"https:\/\/bedterbeds.com\/#organization","name":"Bedterbeds","url":"https:\/\/bedterbeds.com\/","logo":{"@type":"ImageObject","inLanguage":"en-US","@id":"https:\/\/bedterbeds.com\/#\/schema\/logo\/image\/","url":"https:\/\/bedterbeds.com\/wp-content\/uploads\/2024\/11\/bedter-beds-logo.webp","contentUrl":"https:\/\/bedterbeds.com\/wp-content\/uploads\/2024\/11\/bedter-beds-logo.webp","width":1036,"height":727,"caption":"Bedterbeds"},"image":{"@id":"https:\/\/bedterbeds.com\/#\/schema\/logo\/image\/"}}]}},"_links":{"self":[{"href":"https:\/\/bedterbeds.com\/en\/wp-json\/wp\/v2\/pages\/719","targetHints":{"allow":["GET"]}}],"collection":[{"href":"https:\/\/bedterbeds.com\/en\/wp-json\/wp\/v2\/pages"}],"about":[{"href":"https:\/\/bedterbeds.com\/en\/wp-json\/wp\/v2\/types\/page"}],"author":[{"embeddable":true,"href":"https:\/\/bedterbeds.com\/en\/wp-json\/wp\/v2\/users\/1"}],"replies":[{"embeddable":true,"href":"https:\/\/bedterbeds.com\/en\/wp-json\/wp\/v2\/comments?post=719"}],"version-history":[{"count":1,"href":"https:\/\/bedterbeds.com\/en\/wp-json\/wp\/v2\/pages\/719\/revisions"}],"predecessor-version":[{"id":720,"href":"https:\/\/bedterbeds.com\/en\/wp-json\/wp\/v2\/pages\/719\/revisions\/720"}],"wp:attachment":[{"href":"https:\/\/bedterbeds.com\/en\/wp-json\/wp\/v2\/media?parent=719"}],"curies":[{"name":"wp","href":"https:\/\/api.w.org\/{rel}","templated":true}]}}