{"id":965,"date":"2024-01-13T02:33:19","date_gmt":"2024-01-13T02:33:19","guid":{"rendered":"https:\/\/bedterbeds.com\/?page_id=965"},"modified":"2024-01-13T02:33:52","modified_gmt":"2024-01-13T02:33:52","slug":"stellare","status":"publish","type":"page","link":"https:\/\/bedterbeds.com\/en\/stoffe\/stellare\/","title":{"rendered":"Stellare"},"content":{"rendered":"<div id=\"fws_69e157a97fef7\"  data-column-margin=\"default\" data-midnight=\"dark\" data-top-percent=\"0%\" data-bottom-percent=\"6%\"  class=\"wpb_row vc_row-fluid vc_row full-width-section  right_padding_4pct left_padding_4pct top_padding_tablet_8pct bottom_padding_tablet_8pct right_padding_phone_15px left_padding_phone_15px\"  style=\"padding-top: calc(100vw * 0.00); padding-bottom: calc(100vw * 0.06); \"><div class=\"row-bg-wrap\" data-bg-animation=\"none\" data-bg-animation-delay=\"\" data-bg-overlay=\"false\"><div class=\"inner-wrap row-bg-layer\" ><div class=\"row-bg viewport-desktop using-bg-color\"  style=\"background-color: #ffffff; \"><\/div><\/div><\/div><div class=\"row_col_wrap_12 col span_12 dark left\">\n\t<div  class=\"vc_col-sm-12 wpb_column column_container vc_column_container col centered-text no-extra-padding force-desktop-text-align-center inherit_tablet inherit_phone\"  data-padding-pos=\"all\" data-has-bg-color=\"false\" data-bg-color=\"\" data-bg-opacity=\"1\" data-animation=\"\" data-delay=\"0\" >\n\t\t<div class=\"vc_column-inner\" >\n\t\t\t<div class=\"wpb_wrapper\">\n\t\t\t\t<div id=\"fws_69e157a980aa1\" data-midnight=\"\" data-column-margin=\"90px\" class=\"wpb_row vc_row-fluid vc_row inner_row vc_row-o-equal-height vc_row-flex vc_row-o-content-middle reverse_columns_column_tablet reverse_columns_column_phone\"  style=\"\"><div class=\"row-bg-wrap\"> <div class=\"row-bg\" ><\/div> <\/div><div class=\"row_col_wrap_12_inner col span_12  left\">\n\t<div style=\"margin-top: 6%; \" class=\"vc_col-sm-12 wpb_column column_container vc_column_container col child_column centered-text padding-4-percent top_margin_tablet_0px top_margin_phone_4pct inherit_tablet no-extra-padding_phone\"   data-padding-pos=\"all\" data-has-bg-color=\"false\" data-bg-color=\"\" data-bg-opacity=\"1\" data-animation=\"\" data-delay=\"0\" >\n\t\t<div class=\"vc_column-inner\" >\n\t\t<div class=\"wpb_wrapper\">\n\t\t\t<div class=\"nectar-split-heading  font_size_35px\" data-align=\"default\" data-m-align=\"inherit\" data-text-effect=\"default\" data-animation-type=\"line-reveal-by-space\" data-animation-delay=\"0\" data-animation-offset=\"\" data-m-rm-animation=\"\" data-stagger=\"true\" data-custom-font-size=\"true\" style=\"font-size: 35px; line-height: 37.8px;\"><h2 style=\"max-width: 550px;\">Stellare<\/h2><\/div>\n<div class=\"wpb_text_column wpb_content_element\" style=\" max-width: 800px; display: inline-block;\">\n\t<div class=\"wpb_wrapper\">\n\t\t<p>In terms of the properties typical of the product and its behaviour in use, flat fabric tends to accumulate a certain amount of fluff, which can lead to the formation of pilling. Foreign fibres can also attach to the material. Pillings created in this way are removed with a lint device. Such fibre properties do not justify a complaint. Discolouration caused by pillows and\/or covering materials is not a defect in the cover material. Colour and structure deviations are typical of the product and do not give rise to complaints. The interaction of pressure, heat and moisture can cause more or less severe pile distortion (pressure points). This phenomenon, known as change in appearance caused by body weight and body heat or \u201csitting marks\u201d, is a typical property of the cover and does not represent a reduction in quality.<\/p>\n\t<\/div>\n<\/div>\n\n\n\n<div class=\"divider-wrap\" data-alignment=\"default\"><div style=\"height: 30px;\" class=\"divider\"><\/div><\/div><div class=\"tilt-button-wrap\"> <div class=\"tilt-button-inner\"><a class=\"nectar-button small regular-tilt accent-color tilt has-icon  regular-button\"  role=\"button\" style=\"\" target=\"_blank\" href=\"\/wp-content\/uploads\/2024\/01\/Bezugseigenschaften-Stellare-DE.pdf\" data-color-override=\"false\" data-hover-color-override=\"false\" data-hover-text-color-override=\"#fff\"><span>Technical data<\/span><i  class=\"fa fa-file-pdf-o\"><\/i><\/a><\/div><\/div>\n\t\t<\/div> \n\t<\/div>\n\t<\/div> \n<\/div><\/div>\n\t<div class=\"wpb_gallery wpb_content_element clearfix\">\n\t\t<div class=\"wpb_wrapper\"><div class=\"wpb_gallery_slidesimage_grid\" data-onclick=\"link_image\" data-interval=\"5\">\n\n\t<div class=\"portfolio-wrap\">\n\n\t\t\t<span class=\"portfolio-loading\"><\/span>\n\n\t\t\t<div class=\"row portfolio-items no-masonry\" data-starting-filter=\"\" data-gutter=\"default\" data-masonry-type=\"default\" data-bypass-cropping=\"\"  data-ps=\"7\" data-loading=\"default\" data-categories-to-show=\"\" data-col-num=\"cols-3\">\n\n\n\n\t\n\t\t\t\t\t\t\t<div class=\"col span_4  element\" data-project-cat=\"\" data-default-color=\"true\" data-title-color=\"\" data-subtitle-color=\"\">\n\n\t\t\t\t\t\t\t<div class=\"inner-wrap animated\" data-animation=\"none\">\n\n\t\t\t\t\t\t\t\n\t\t\t\t\t\t\t<div class=\"work-item style-2\">\n\n\t\t\t\t\t\t\t\t<img decoding=\"async\" class=\"skip-lazy top-level-image\" src=\"https:\/\/bedterbeds.com\/wp-content\/uploads\/2024\/01\/Stellare-C022-platinum-scaled-600x400.jpg\" width=\"600\" height=\"400\" alt=\"Stellare C022 platinum scaled\" title=\"Stellare C022 platinum scaled\" loading=\"lazy\" \/>\n\t\t\t\t\t\t\t\t<div class=\"work-info-bg\"><\/div>\n\t\t\t\t\t\t\t\t<div class=\"work-info\">\n\n\n\t\t\t\t\t\t\t\t\t\t\t\t\t\t\t\t\t   \t\t\t <a href=\"https:\/\/bedterbeds.com\/wp-content\/uploads\/2024\/01\/Stellare-C022-platinum-scaled.jpg\" title=\"Stellare C022 platinum scaled\" class=\"pretty_photo\"><\/a>\n\t\t\t\t\t\t\t\t   \t\t\n\t\t\t\t\t\t\t\t\t\t<div class=\"vert-center\">\n\t\t\t\t\t\t\t\t\t\t\t\t\t\t\t\t\t\t\t\t\t<\/div><!--\/vert-center-->\n\n\t\t\t\t\t\t\t\t\t\n\n\t\t\t\t\t\t\t\t<\/div>\n\t\t\t\t\t\t\t<\/div><!--work-item-->\n\n\t\t\t\t\t\t\n\n\t\t\t\t\t\t<\/div><\/div> \n\t\t\t\t\t\t\n\t\t\t\t\t\t\t<div class=\"col span_4  element\" data-project-cat=\"\" data-default-color=\"true\" data-title-color=\"\" data-subtitle-color=\"\">\n\n\t\t\t\t\t\t\t<div class=\"inner-wrap animated\" data-animation=\"none\">\n\n\t\t\t\t\t\t\t\n\t\t\t\t\t\t\t<div class=\"work-item style-2\">\n\n\t\t\t\t\t\t\t\t<img decoding=\"async\" class=\"skip-lazy top-level-image\" src=\"https:\/\/bedterbeds.com\/wp-content\/uploads\/2024\/01\/Stellare-C021-grey-scaled-600x400.jpg\" width=\"600\" height=\"400\" alt=\"Stellare C021 grey scaled\" title=\"Stellare C021 grey scaled\" loading=\"lazy\" \/>\n\t\t\t\t\t\t\t\t<div class=\"work-info-bg\"><\/div>\n\t\t\t\t\t\t\t\t<div class=\"work-info\">\n\n\n\t\t\t\t\t\t\t\t\t\t\t\t\t\t\t\t\t   \t\t\t <a href=\"https:\/\/bedterbeds.com\/wp-content\/uploads\/2024\/01\/Stellare-C021-grey-scaled.jpg\" title=\"Stellare C021 grey scaled\" class=\"pretty_photo\"><\/a>\n\t\t\t\t\t\t\t\t   \t\t\n\t\t\t\t\t\t\t\t\t\t<div class=\"vert-center\">\n\t\t\t\t\t\t\t\t\t\t\t\t\t\t\t\t\t\t\t\t\t<\/div><!--\/vert-center-->\n\n\t\t\t\t\t\t\t\t\t\n\n\t\t\t\t\t\t\t\t<\/div>\n\t\t\t\t\t\t\t<\/div><!--work-item-->\n\n\t\t\t\t\t\t\n\n\t\t\t\t\t\t<\/div><\/div> \n\t\t\t\t\t\t\n\t\t\t\t\t\t\t<div class=\"col span_4  element\" data-project-cat=\"\" data-default-color=\"true\" data-title-color=\"\" data-subtitle-color=\"\">\n\n\t\t\t\t\t\t\t<div class=\"inner-wrap animated\" data-animation=\"none\">\n\n\t\t\t\t\t\t\t\n\t\t\t\t\t\t\t<div class=\"work-item style-2\">\n\n\t\t\t\t\t\t\t\t<img decoding=\"async\" class=\"skip-lazy top-level-image\" src=\"https:\/\/bedterbeds.com\/wp-content\/uploads\/2024\/01\/Stellare-C024-mud-scaled-600x400.jpg\" width=\"600\" height=\"400\" alt=\"Stellare C024 mud scaled\" title=\"Stellare C024 mud scaled\" loading=\"lazy\" \/>\n\t\t\t\t\t\t\t\t<div class=\"work-info-bg\"><\/div>\n\t\t\t\t\t\t\t\t<div class=\"work-info\">\n\n\n\t\t\t\t\t\t\t\t\t\t\t\t\t\t\t\t\t   \t\t\t <a href=\"https:\/\/bedterbeds.com\/wp-content\/uploads\/2024\/01\/Stellare-C024-mud-scaled.jpg\" title=\"Stellare C024 mud scaled\" class=\"pretty_photo\"><\/a>\n\t\t\t\t\t\t\t\t   \t\t\n\t\t\t\t\t\t\t\t\t\t<div class=\"vert-center\">\n\t\t\t\t\t\t\t\t\t\t\t\t\t\t\t\t\t\t\t\t\t<\/div><!--\/vert-center-->\n\n\t\t\t\t\t\t\t\t\t\n\n\t\t\t\t\t\t\t\t<\/div>\n\t\t\t\t\t\t\t<\/div><!--work-item-->\n\n\t\t\t\t\t\t\n\n\t\t\t\t\t\t<\/div><\/div> \n\t\t\t\t\t\t\n\t\t\t\t\t\t\t<div class=\"col span_4  element\" data-project-cat=\"\" data-default-color=\"true\" data-title-color=\"\" data-subtitle-color=\"\">\n\n\t\t\t\t\t\t\t<div class=\"inner-wrap animated\" data-animation=\"none\">\n\n\t\t\t\t\t\t\t\n\t\t\t\t\t\t\t<div class=\"work-item style-2\">\n\n\t\t\t\t\t\t\t\t<img decoding=\"async\" class=\"skip-lazy top-level-image\" src=\"https:\/\/bedterbeds.com\/wp-content\/uploads\/2024\/01\/Stellare-C023-blue-scaled-600x400.jpg\" width=\"600\" height=\"400\" alt=\"Stellare C023 blue scaled\" title=\"Stellare C023 blue scaled\" loading=\"lazy\" \/>\n\t\t\t\t\t\t\t\t<div class=\"work-info-bg\"><\/div>\n\t\t\t\t\t\t\t\t<div class=\"work-info\">\n\n\n\t\t\t\t\t\t\t\t\t\t\t\t\t\t\t\t\t   \t\t\t <a href=\"https:\/\/bedterbeds.com\/wp-content\/uploads\/2024\/01\/Stellare-C023-blue-scaled.jpg\" title=\"Stellare C023 blue scaled\" class=\"pretty_photo\"><\/a>\n\t\t\t\t\t\t\t\t   \t\t\n\t\t\t\t\t\t\t\t\t\t<div class=\"vert-center\">\n\t\t\t\t\t\t\t\t\t\t\t\t\t\t\t\t\t\t\t\t\t<\/div><!--\/vert-center-->\n\n\t\t\t\t\t\t\t\t\t\n\n\t\t\t\t\t\t\t\t<\/div>\n\t\t\t\t\t\t\t<\/div><!--work-item-->\n\n\t\t\t\t\t\t\n\n\t\t\t\t\t\t<\/div><\/div> \n\t\t\t\t\t\t\n\t\t\t\t\t\t\t<div class=\"col span_4  element\" data-project-cat=\"\" data-default-color=\"true\" data-title-color=\"\" data-subtitle-color=\"\">\n\n\t\t\t\t\t\t\t<div class=\"inner-wrap animated\" data-animation=\"none\">\n\n\t\t\t\t\t\t\t\n\t\t\t\t\t\t\t<div class=\"work-item style-2\">\n\n\t\t\t\t\t\t\t\t<img decoding=\"async\" class=\"skip-lazy top-level-image\" src=\"https:\/\/bedterbeds.com\/wp-content\/uploads\/2024\/01\/Stellare-C020-sahara-scaled-600x400.jpg\" width=\"600\" height=\"400\" alt=\"Stellare C020 sahara scaled\" title=\"Stellare C020 sahara scaled\" loading=\"lazy\" \/>\n\t\t\t\t\t\t\t\t<div class=\"work-info-bg\"><\/div>\n\t\t\t\t\t\t\t\t<div class=\"work-info\">\n\n\n\t\t\t\t\t\t\t\t\t\t\t\t\t\t\t\t\t   \t\t\t <a href=\"https:\/\/bedterbeds.com\/wp-content\/uploads\/2024\/01\/Stellare-C020-sahara-scaled.jpg\" title=\"Stellare C020 sahara scaled\" class=\"pretty_photo\"><\/a>\n\t\t\t\t\t\t\t\t   \t\t\n\t\t\t\t\t\t\t\t\t\t<div class=\"vert-center\">\n\t\t\t\t\t\t\t\t\t\t\t\t\t\t\t\t\t\t\t\t\t<\/div><!--\/vert-center-->\n\n\t\t\t\t\t\t\t\t\t\n\n\t\t\t\t\t\t\t\t<\/div>\n\t\t\t\t\t\t\t<\/div><!--work-item-->\n\n\t\t\t\t\t\t\n\n\t\t\t\t\t\t<\/div><\/div> \n\t\t\t\t\t\t<\/div><\/div><\/div>\n\t\t<\/div> \n\t<\/div> \n<div class=\"wpb_text_column wpb_content_element\" style=\" max-width: 800px; display: inline-block;\">\n\t<div class=\"wpb_wrapper\">\n\t\t<p style=\"text-align: center;\">Please note that the displayed colors may differ from the original.<\/p>\n\t<\/div>\n<\/div>\n\n\n\n\n\t\t\t<\/div> \n\t\t<\/div>\n\t<\/div> \n<\/div><\/div>","protected":false},"excerpt":{"rendered":"Stellare In der warentypischen Eigenschaft und im Gebrauchsverhalten neigt Flachgewebe zu einer gewissen Flusigkeit, die bis zur Kn\u00f6tchenbildung (Pilling) f\u00fchren kann. Ebenso k\u00f6nnen Fremdfasern von dem Material angelagert werden. So...","protected":false},"author":1,"featured_media":0,"parent":439,"menu_order":0,"comment_status":"closed","ping_status":"closed","template":"","meta":{"footnotes":""},"class_list":["post-965","page","type-page","status-publish"],"yoast_head":"<!-- This site is optimized with the Yoast SEO plugin v27.4 - https:\/\/yoast.com\/product\/yoast-seo-wordpress\/ -->\n<title>Stellare - Bedterbeds<\/title>\n<meta name=\"robots\" content=\"index, follow, max-snippet:-1, max-image-preview:large, max-video-preview:-1\" \/>\n<link rel=\"canonical\" href=\"https:\/\/bedterbeds.com\/en\/stoffe\/stellare\/\" \/>\n<meta property=\"og:locale\" content=\"en_US\" \/>\n<meta property=\"og:type\" content=\"article\" \/>\n<meta property=\"og:title\" content=\"Stellare - Bedterbeds\" \/>\n<meta property=\"og:url\" content=\"https:\/\/bedterbeds.com\/en\/stoffe\/stellare\/\" \/>\n<meta property=\"og:site_name\" content=\"Bedterbeds\" \/>\n<meta property=\"article:modified_time\" content=\"2024-01-13T02:33:52+00:00\" \/>\n<meta property=\"og:image\" content=\"https:\/\/bedterbeds.com\/wp-content\/uploads\/2024\/11\/bedter-beds-logo.webp\" \/>\n\t<meta property=\"og:image:width\" content=\"1036\" \/>\n\t<meta property=\"og:image:height\" content=\"727\" \/>\n\t<meta property=\"og:image:type\" content=\"image\/webp\" \/>\n<meta name=\"twitter:card\" content=\"summary_large_image\" \/>\n<meta name=\"twitter:label1\" content=\"Est. reading time\" \/>\n\t<meta name=\"twitter:data1\" content=\"3 minutes\" \/>\n<script type=\"application\/ld+json\" class=\"yoast-schema-graph\">{\"@context\":\"https:\\\/\\\/schema.org\",\"@graph\":[{\"@type\":\"WebPage\",\"@id\":\"https:\\\/\\\/bedterbeds.com\\\/stoffe\\\/stellare\\\/\",\"url\":\"https:\\\/\\\/bedterbeds.com\\\/stoffe\\\/stellare\\\/\",\"name\":\"Stellare - Bedterbeds\",\"isPartOf\":{\"@id\":\"https:\\\/\\\/bedterbeds.com\\\/#website\"},\"datePublished\":\"2024-01-13T02:33:19+00:00\",\"dateModified\":\"2024-01-13T02:33:52+00:00\",\"breadcrumb\":{\"@id\":\"https:\\\/\\\/bedterbeds.com\\\/stoffe\\\/stellare\\\/#breadcrumb\"},\"inLanguage\":\"en-US\",\"potentialAction\":[{\"@type\":\"ReadAction\",\"target\":[\"https:\\\/\\\/bedterbeds.com\\\/stoffe\\\/stellare\\\/\"]}]},{\"@type\":\"BreadcrumbList\",\"@id\":\"https:\\\/\\\/bedterbeds.com\\\/stoffe\\\/stellare\\\/#breadcrumb\",\"itemListElement\":[{\"@type\":\"ListItem\",\"position\":1,\"name\":\"Home\",\"item\":\"https:\\\/\\\/bedterbeds.com\\\/\"},{\"@type\":\"ListItem\",\"position\":2,\"name\":\"Stoffe\",\"item\":\"https:\\\/\\\/bedterbeds.com\\\/stoffe\\\/\"},{\"@type\":\"ListItem\",\"position\":3,\"name\":\"Stellare\"}]},{\"@type\":\"WebSite\",\"@id\":\"https:\\\/\\\/bedterbeds.com\\\/#website\",\"url\":\"https:\\\/\\\/bedterbeds.com\\\/\",\"name\":\"Bedterbeds\",\"description\":\"Schlaferlebnisse der Extraklasse!\",\"publisher\":{\"@id\":\"https:\\\/\\\/bedterbeds.com\\\/#organization\"},\"potentialAction\":[{\"@type\":\"SearchAction\",\"target\":{\"@type\":\"EntryPoint\",\"urlTemplate\":\"https:\\\/\\\/bedterbeds.com\\\/?s={search_term_string}\"},\"query-input\":{\"@type\":\"PropertyValueSpecification\",\"valueRequired\":true,\"valueName\":\"search_term_string\"}}],\"inLanguage\":\"en-US\"},{\"@type\":\"Organization\",\"@id\":\"https:\\\/\\\/bedterbeds.com\\\/#organization\",\"name\":\"Bedterbeds\",\"url\":\"https:\\\/\\\/bedterbeds.com\\\/\",\"logo\":{\"@type\":\"ImageObject\",\"inLanguage\":\"en-US\",\"@id\":\"https:\\\/\\\/bedterbeds.com\\\/#\\\/schema\\\/logo\\\/image\\\/\",\"url\":\"https:\\\/\\\/bedterbeds.com\\\/wp-content\\\/uploads\\\/2024\\\/11\\\/bedter-beds-logo.webp\",\"contentUrl\":\"https:\\\/\\\/bedterbeds.com\\\/wp-content\\\/uploads\\\/2024\\\/11\\\/bedter-beds-logo.webp\",\"width\":1036,\"height\":727,\"caption\":\"Bedterbeds\"},\"image\":{\"@id\":\"https:\\\/\\\/bedterbeds.com\\\/#\\\/schema\\\/logo\\\/image\\\/\"}}]}<\/script>\n<!-- \/ Yoast SEO plugin. -->","yoast_head_json":{"title":"Stellare - Bedterbeds","robots":{"index":"index","follow":"follow","max-snippet":"max-snippet:-1","max-image-preview":"max-image-preview:large","max-video-preview":"max-video-preview:-1"},"canonical":"https:\/\/bedterbeds.com\/en\/stoffe\/stellare\/","og_locale":"en_US","og_type":"article","og_title":"Stellare - Bedterbeds","og_url":"https:\/\/bedterbeds.com\/en\/stoffe\/stellare\/","og_site_name":"Bedterbeds","article_modified_time":"2024-01-13T02:33:52+00:00","og_image":[{"width":1036,"height":727,"url":"https:\/\/bedterbeds.com\/wp-content\/uploads\/2024\/11\/bedter-beds-logo.webp","type":"image\/webp"}],"twitter_card":"summary_large_image","twitter_misc":{"Est. reading time":"3 minutes"},"schema":{"@context":"https:\/\/schema.org","@graph":[{"@type":"WebPage","@id":"https:\/\/bedterbeds.com\/stoffe\/stellare\/","url":"https:\/\/bedterbeds.com\/stoffe\/stellare\/","name":"Stellare - Bedterbeds","isPartOf":{"@id":"https:\/\/bedterbeds.com\/#website"},"datePublished":"2024-01-13T02:33:19+00:00","dateModified":"2024-01-13T02:33:52+00:00","breadcrumb":{"@id":"https:\/\/bedterbeds.com\/stoffe\/stellare\/#breadcrumb"},"inLanguage":"en-US","potentialAction":[{"@type":"ReadAction","target":["https:\/\/bedterbeds.com\/stoffe\/stellare\/"]}]},{"@type":"BreadcrumbList","@id":"https:\/\/bedterbeds.com\/stoffe\/stellare\/#breadcrumb","itemListElement":[{"@type":"ListItem","position":1,"name":"Home","item":"https:\/\/bedterbeds.com\/"},{"@type":"ListItem","position":2,"name":"Stoffe","item":"https:\/\/bedterbeds.com\/stoffe\/"},{"@type":"ListItem","position":3,"name":"Stellare"}]},{"@type":"WebSite","@id":"https:\/\/bedterbeds.com\/#website","url":"https:\/\/bedterbeds.com\/","name":"Bedterbeds","description":"Schlaferlebnisse der Extraklasse!","publisher":{"@id":"https:\/\/bedterbeds.com\/#organization"},"potentialAction":[{"@type":"SearchAction","target":{"@type":"EntryPoint","urlTemplate":"https:\/\/bedterbeds.com\/?s={search_term_string}"},"query-input":{"@type":"PropertyValueSpecification","valueRequired":true,"valueName":"search_term_string"}}],"inLanguage":"en-US"},{"@type":"Organization","@id":"https:\/\/bedterbeds.com\/#organization","name":"Bedterbeds","url":"https:\/\/bedterbeds.com\/","logo":{"@type":"ImageObject","inLanguage":"en-US","@id":"https:\/\/bedterbeds.com\/#\/schema\/logo\/image\/","url":"https:\/\/bedterbeds.com\/wp-content\/uploads\/2024\/11\/bedter-beds-logo.webp","contentUrl":"https:\/\/bedterbeds.com\/wp-content\/uploads\/2024\/11\/bedter-beds-logo.webp","width":1036,"height":727,"caption":"Bedterbeds"},"image":{"@id":"https:\/\/bedterbeds.com\/#\/schema\/logo\/image\/"}}]}},"_links":{"self":[{"href":"https:\/\/bedterbeds.com\/en\/wp-json\/wp\/v2\/pages\/965","targetHints":{"allow":["GET"]}}],"collection":[{"href":"https:\/\/bedterbeds.com\/en\/wp-json\/wp\/v2\/pages"}],"about":[{"href":"https:\/\/bedterbeds.com\/en\/wp-json\/wp\/v2\/types\/page"}],"author":[{"embeddable":true,"href":"https:\/\/bedterbeds.com\/en\/wp-json\/wp\/v2\/users\/1"}],"replies":[{"embeddable":true,"href":"https:\/\/bedterbeds.com\/en\/wp-json\/wp\/v2\/comments?post=965"}],"version-history":[{"count":2,"href":"https:\/\/bedterbeds.com\/en\/wp-json\/wp\/v2\/pages\/965\/revisions"}],"predecessor-version":[{"id":969,"href":"https:\/\/bedterbeds.com\/en\/wp-json\/wp\/v2\/pages\/965\/revisions\/969"}],"up":[{"embeddable":true,"href":"https:\/\/bedterbeds.com\/en\/wp-json\/wp\/v2\/pages\/439"}],"wp:attachment":[{"href":"https:\/\/bedterbeds.com\/en\/wp-json\/wp\/v2\/media?parent=965"}],"curies":[{"name":"wp","href":"https:\/\/api.w.org\/{rel}","templated":true}]}}